{"id":1144,"date":"2013-05-12T18:06:05","date_gmt":"2013-05-12T16:06:05","guid":{"rendered":"http:\/\/www.residencecaporale.it\/it\/?page_id=703"},"modified":"2016-09-26T14:46:32","modified_gmt":"2016-09-26T12:46:32","slug":"itinerari","status":"publish","type":"page","link":"https:\/\/residencecaporale.it\/de\/itinerari\/","title":{"rendered":"Reiseroute"},"content":{"rendered":"<!-- Container Row --><div class=\"container animationStart \">\n\t\t<div class=\"row\">\n\t\t\t<div class=\"sixteen columns\">\n\t\t\t\n<p>M\u00f6glichkeit, um die historischen St\u00e4tten in der N\u00e4he Wander-und Mountainbike-Touren besuchen. Die ersten Orte, die Sie aus der &#8222;Residence Caporale&#8220; erreichen k\u00f6nnen, sind <a target=\"_blank\" href=\"http:\/\/www.udine.com\/\">UDINE<\/a> und <a target=\"_blank\" href=\"http:\/\/www.cividale.net\/\">CIVIDALE<\/a>, die erste antike Stadt Erscheinungsbild entwickelt bewahrt in sich die ganze Geschichte und mittelalterlichen Vorl\u00e4ufer, w\u00e4hrend die zweite findet alle den Charme der Stadt Lombard. Ein paar Kilometer entfernt ist <a target=\"_blank\" href=\"http:\/\/www.aquileia.net\/\">AQUILEIA<\/a>, auch genannt das zweite Rom, einer der Open-Air-arch\u00e4ologischen St\u00e4tten die meisten im Norden von Italien besucht. Ein paar Schritte von Udine <a target=\"_blank\" href=\"http:\/\/www.villamanin-eventi.it\/\">VILLA MANIN<\/a>, der Heimat von Napoleon Bonaparte und seine Parks. Reisen Grad erreichen Sie die Stadt Starry <a target=\"_blank\" href=\"http:\/\/www.palmanova.it\/\">PALMANOVA<\/a> verk\u00fcndete im Jahr 1960 ein &#8222;National Monument&#8220;.<\/p>\n\t\t\n\t\t\t<\/div>\n    \t<\/div>\n\t<\/div>\n\t\n\t<!-- Container Row :: END -->\n\t\n<!-- Container Row --><div class=\"container animationStart \">\n\t\t<div class=\"row\">\n\t\t\t<div class=\"sixteen columns\">\n\t\t\t\n<div class=\"column one-third  alpha\"><h2 class=\"title\"><span><a target=\"_blank\" href=\"http:\/\/www.cividale.net\/\">CIVIDALE<\/a><\/span><\/h2><div class='h10'><\/div><img loading=\"lazy\" decoding=\"async\" class=\"alignnone wp-image-727 size-full\" title=\"cividale-ponte-del-diavolo\" src=\"https:\/\/residencecaporale.it\/wp-content\/uploads\/2013\/05\/cividale-ponte-del-diavolo.jpg\" width=\"298\" height=\"149\" \/>Cividale del Friuli, dessen Route Lombard ist ein UNESCO-Weltkulturerbe, ist eine Fundgrube an Kunstsch\u00e4tzen: zu Fu\u00df durch das historische Zentrum ist eine besondere Atmosph\u00e4re, voller Ideen. Julius Caesar gr\u00fcndete die Stadt um 50 v. Chr. als Forum Julii: das ist, wo der Name kommt Friuli.<\/div>\n<div class=\"column one-third  alpha\"><h2 class=\"title\"><span><a target=\"_blank\" href=\"http:\/\/www.udine.com\/\">UDINE<\/a> <\/span><\/h2><div class='h10'><\/div> <img loading=\"lazy\" decoding=\"async\" class=\"alignnone wp-image-725 size-full\" title=\"lionello_udine\" src=\"https:\/\/residencecaporale.it\/wp-content\/uploads\/2013\/05\/lionello_udine.jpg\" width=\"299\" height=\"204\" \/>Bestaunen Udine aus seinem H\u00fcgel, wo das Schloss steht, und die, der Legende nach, wurde aus dem Boden mit den Helmen von den Soldaten des Attila transportiert gebaut, um die M\u00f6glichkeit, die letztere zu bewundern geben Aquileia von oben, wie es nach seinem verheerenden Durchgang verbrannt..<\/div>\n<div class=\"column one-third  alpha\"><h2 class=\"title\"><span><a target=\"_blank\" href=\"http:\/\/www.aquileia.net\/\">AQUILEIA<\/a><\/span><\/h2><div class='h10'><\/div><img loading=\"lazy\" decoding=\"async\" class=\"alignnone\" title=\"acquileia\" src=\"http:\/\/residencecaporale.it\/wp-content\/uploads\/2013\/05\/acquileia.jpg\" width=\"298\" height=\"135\" \/> Aquileia ist eine arch\u00e4ologische St\u00e4tte von au\u00dfergew\u00f6hnlicher Bedeutung, als UNESCO-Weltkulturerbe. Kolonisierten in 181 BC in &#8222;agro Gallorum&#8220; ist Aquileia als Br\u00fcckenkopf f\u00fcr die r\u00f6mische Eroberung der Gebiete entlang der Donau und mit dem Ziel der Verteidigung der \u00f6stlichen Grenzen der bereits florierenden Handel zwischen der \u00f6stlichen Mittelmeerraum und den alpenquerenden L\u00e4ndern erh\u00f6hen..<\/div>\n\t\t\n\t\t\t<\/div>\n    \t<\/div>\n\t<\/div>\n\t\n\t<!-- Container Row :: END -->\n\t\n<!-- Container Row --><div class=\"container animationStart \">\n\t\t<div class=\"row\">\n\t\t\t<div class=\"sixteen columns\">\n\t\t\t\n<div class=\"column one-third  alpha\"><h2 class=\"title\"><span><a target=\"_blank\" href=\"http:\/\/www.villamanin-eventi.it\/\">VILLA MANIN<\/a><\/span><\/h2><div class='h10'><\/div><img loading=\"lazy\" decoding=\"async\" class=\"alignnone wp-image-729 size-full\" title=\"villa_manin\" src=\"https:\/\/residencecaporale.it\/wp-content\/uploads\/2013\/05\/villa_manin.jpg\" width=\"299\" height=\"199\" \/>Villa Manin auf Passariano ist ein Palladio-Villa [1] befindet, um Bourgeois (UD). Es war die Residenz des letzten Dogen von Venedig, Ludovico Manin. Lebte dort f\u00fcr etwa zwei Monate nel1797, Napoleon Bonaparte mit Josephine de Beauharnais. Hier wurden viele Interviews f\u00fcr die Unterzeichnung des Vertrages zwischen Frankreich und \u00d6sterreich als den Vertrag von Campo Formio (17. Oktober 1797) bekannt sind, durchgef\u00fchrt.<\/div>\n<p class=\"alignnone size-full wp-image-732\" title=\"palmanova\"><div class=\"column one-third  alpha\"><h2 class=\"title\"><span><a target=\"_blank\" href=\"http:\/\/www.palmanova.it\/\">PALMANOVA<\/a><\/span><\/h2><div class='h10'><\/div><img loading=\"lazy\" decoding=\"async\" class=\"alignnone wp-image-732 size-full\" title=\"palmanova\" src=\"https:\/\/residencecaporale.it\/wp-content\/uploads\/2013\/05\/palmanova1.jpg\" width=\"298\" height=\"199\" \/>Palmanova ist das Meisterwerk der milit\u00e4rischen Friuli, eine Festungsstadt entworfen und gebaut, um die Grenzen der Region von ausl\u00e4ndischen Bedrohungen, insbesondere die T\u00fcrken zu verteidigen.<br \/>\nEs ist ein Modell der Stadt einzigartig in seiner Art, in der Form eines neun-spitzer Stern ist perfekt symmetrisch, mit einem zentralen Platz.<br \/>\nDas historische Zentrum von Palmanova wird durch drei monumentalen Toren erzielt, genannt Aquileia, Udine und Cividale und von wo auch immer Sie kommen, ist die Austrittsstelle der Piazza Grande, dem alten Exerzierplatz..<\/div>\n<div class=\"column one-third  alpha\"><h2 class=\"title\"><span><a target=\"_blank\" href=\"http:\/\/www.turismofvg.it\/Localita\/Grado\">GRADO<\/a><\/span><\/h2><div class='h10'><\/div><img loading=\"lazy\" decoding=\"async\" class=\"alignnone wp-image-734 size-full\" title=\"grado\" src=\"https:\/\/residencecaporale.it\/wp-content\/uploads\/2013\/05\/grado.jpg\" width=\"296\" height=\"222\" \/>Grado, gold Insel venezianischen Funktionen, durch ein Labyrinth von Inseln, aus denen sich seine malerische Lagune, zu wissen, auch bei Lebensmittel-und Wein-Events versch\u00f6nert. Um entdeckt zu werden, dann ist das Naturparadies durch zwei Naturschutzgebiete gesch\u00fctzt.<\/div>\n\t\t\n\t\t\t<\/div>\n    \t<\/div>\n\t<\/div>\n\t\n\t<!-- Container Row :: END -->\n\t\n<!-- Container Row --><div class=\"container animationStart \">\n\t\t<div class=\"row\">\n\t\t\t<div class=\"sixteen columns\">\n\t\t\t\n<div class=\"column one-third  alpha\"><h2 class=\"title\"><span><a target=\"_blank\" href=\"http:\/\/www.tonuttimuseum.com\/it.html\/\">Museo Gino Tonutti<\/a><\/span><\/h2><div class='h10'><\/div><img loading=\"lazy\" decoding=\"async\" class=\"alignnone wp-image-756 size-full\" title=\"museo_tonutti\" src=\"https:\/\/residencecaporale.it\/wp-content\/uploads\/2013\/05\/museo_tonutti.jpg\" width=\"298\" height=\"169\" \/>ABSCHNITT WORKSHOP Schmied TONUTTI (aus dem sp\u00e4ten neunzehnten Jahrhundert bis in die sechziger Jahre) Innerhalb Ihnen alle Werkzeuge und Maschinen verwendet, um mich einmal finden.<br \/>\nABSCHNITT Landmaschinen (aus dem sp\u00e4ten neunzehnten Jahrhundert bis in die sechziger Jahre) Im Inneren finden Sie jede Art von Werkzeug und Maschinen f\u00fcr die Landwirtschaft in der Vergangenheit zu finden.<br \/>\nABSCHNITT OLDTIMER (von 1915 bis zur Gegenwart) Innen findet man achtzig Fahrzeuge von historischem Interesse, einschlie\u00dflich einige einzigartige St\u00fccke.<br \/>\nABSCHNITT VINTAGE BIKES (die Anfang des zwanzigsten Jahrhunderts bis in die fr\u00fchen achtziger Jahre) Im Inneren befindet sich ungef\u00e4hr f\u00fcnfundsiebzig vintage bikes von verschiedenen Herstellern finden italienischen, europ\u00e4ischen und amerikanischen..<\/div>\n\t\t\n\t\t\t<\/div>\n    \t<\/div>\n\t<\/div>\n\t\n\t<!-- Container Row :: END -->\n\t\n<p>&nbsp;<\/p>\n","protected":false},"excerpt":{"rendered":"<p>&nbsp;<\/p>\n","protected":false},"author":6,"featured_media":0,"parent":0,"menu_order":0,"comment_status":"open","ping_status":"open","template":"","meta":{"footnotes":""},"class_list":["post-1144","page","type-page","status-publish","hentry"],"_links":{"self":[{"href":"https:\/\/residencecaporale.it\/de\/wp-json\/wp\/v2\/pages\/1144","targetHints":{"allow":["GET"]}}],"collection":[{"href":"https:\/\/residencecaporale.it\/de\/wp-json\/wp\/v2\/pages"}],"about":[{"href":"https:\/\/residencecaporale.it\/de\/wp-json\/wp\/v2\/types\/page"}],"author":[{"embeddable":true,"href":"https:\/\/residencecaporale.it\/de\/wp-json\/wp\/v2\/users\/6"}],"replies":[{"embeddable":true,"href":"https:\/\/residencecaporale.it\/de\/wp-json\/wp\/v2\/comments?post=1144"}],"version-history":[{"count":4,"href":"https:\/\/residencecaporale.it\/de\/wp-json\/wp\/v2\/pages\/1144\/revisions"}],"predecessor-version":[{"id":1787,"href":"https:\/\/residencecaporale.it\/de\/wp-json\/wp\/v2\/pages\/1144\/revisions\/1787"}],"wp:attachment":[{"href":"https:\/\/residencecaporale.it\/de\/wp-json\/wp\/v2\/media?parent=1144"}],"curies":[{"name":"wp","href":"https:\/\/api.w.org\/{rel}","templated":true}]}}