{"id":1143,"date":"2013-05-12T17:59:38","date_gmt":"2013-05-12T15:59:38","guid":{"rendered":"http:\/\/www.residencecaporale.it\/it\/?page_id=696"},"modified":"2016-09-26T14:59:22","modified_gmt":"2016-09-26T12:59:22","slug":"escursioni","status":"publish","type":"page","link":"https:\/\/residencecaporale.it\/de\/escursioni\/","title":{"rendered":"Ausfluge"},"content":{"rendered":"<!-- Container Row --><div class=\"container animationStart \">\n\t\t<div class=\"row\">\n\t\t\t<div class=\"sixteen columns\">\n\t\t\t\n<p><img loading=\"lazy\" decoding=\"async\" class=\"wp-image-1123 size-full alignleft\" title=\"terra_monitor\" src=\"https:\/\/residencecaporale.it\/wp-content\/uploads\/2013\/05\/icon_big_bike.png\" width=\"102\" height=\"102\" srcset=\"https:\/\/residencecaporale.it\/wp-content\/uploads\/2013\/05\/icon_big_bike.png 102w, https:\/\/residencecaporale.it\/wp-content\/uploads\/2013\/05\/icon_big_bike-60x60.png 60w\" sizes=\"auto, (max-width: 102px) 100vw, 102px\" \/><br \/>\nM\u00f6glichkeit, die historischen St\u00e4tten in der N\u00e4he und effettura gef\u00fchrte Mountainbike besuchen.<br \/>\nInsbesondere empfehlen wir <strong>diese:<\/strong><\/p>\n\t\t\n\t\t\t<\/div>\n    \t<\/div>\n\t<\/div>\n\t\n\t<!-- Container Row :: END -->\n\t\n<!-- Container Row --><div class=\"container animationStart \">\n\t\t<div class=\"row\">\n\t\t\t<div class=\"sixteen columns\">\n\t\t\t<h2 class=\"title\"><span>Die Tour auf Acht Ringe<\/span><\/h2><div class='h10'><\/div>\n<p>Acht Radwege im Gebiet der Remanzacco, der Ring, beginnt und endet an der gleichen Stelle zu entwickeln. Von dem Platz in der Mittelschule (via Stringher) geht es nach den vier Ringen, die im Norden zu entwickeln, w\u00e4hrend die vier Ringe des s\u00fcdlichen Teil des &#8222;Ragapark&#8220; (via Braidotti). Die Tracks sind von allen Menschen, einfach zu folgen, auf den Stra\u00dfen nicht gef\u00e4hrlich, die jeweils durch eine Farbe und eine Zahl markiert.<\/p>\n\t\t\n\t\t\t<\/div>\n    \t<\/div>\n\t<\/div>\n\t\n\t<!-- Container Row :: END -->\n\t\n<!-- Container Row --><div class=\"container animationStart \">\n\t\t<div class=\"row\">\n\t\t\t<div class=\"sixteen columns\">\n\t\t\t\n<p><strong>1 Anello di Santo Stefano<\/strong><\/p>\n<p><img loading=\"lazy\" decoding=\"async\" class=\"wp-image-742 size-full alignleft\" title=\"01_anello\" src=\"https:\/\/residencecaporale.it\/wp-content\/uploads\/2013\/05\/01_anello.jpg\" width=\"209\" height=\"157\" \/>Strecke von 5,7 km, nordwestlich von Remanzacco, ungef\u00e4hrliche, meist auf Schotterstra\u00dfe. Short Ton.<\/p>\n<p>Sie zur Kirche Santo Stefano gehen, \u00fcberqueren die Stra\u00dfe und fahren Schmutz zwischen den \u00c4ckern. Nach einer sch\u00f6nen Strecke sie abrupt die Richtung \u00e4ndert, in Richtung Norden. Sch\u00f6ne Sicht auf die Berge, auf dem Grat oder Bergd\u00f6rfer thront erscheinen Porzus, Canebola und Karerpass Tal. Nachdem ein Teil Lehmboden, geben Sie ostw\u00e4rts entlang dem Radweg entlang der Provinzstadt Udine Stupizza Grions. Biegen Sie rechts an der Kreuzung und nehmen Sie den Schotterweg nach S\u00fcden zeigte auf den Glockenturm der Remanzacco.<\/p>\n\t\t\n\t\t\t<\/div>\n    \t<\/div>\n\t<\/div>\n\t\n\t<!-- Container Row :: END -->\n\t\n<!-- Container Row --><div class=\"container animationStart \">\n\t\t<div class=\"row\">\n\t\t\t<div class=\"sixteen columns\">\n\t\t\t\n<p><strong>2 Anello della roggia<\/strong><\/p>\n<p><img loading=\"lazy\" decoding=\"async\" class=\"wp-image-744 size-full alignleft\" title=\"02_anello\" src=\"https:\/\/residencecaporale.it\/wp-content\/uploads\/2013\/05\/02_anello.jpg\" width=\"209\" height=\"157\" \/>Route von 5,8 km n\u00f6rdlich von Remanzacco haupts\u00e4chlich auf unbefestigten Stra\u00dfen. Eine Strecke anstrengend. Crossing gef\u00e4hrlich.<br \/>\nSie nehmen den Feldweg nach Norden nach versunkenen Grions zwischen den Feldern. Die ersten H\u00e4user biegen wir rechts entlang der Provinz-Zyklus. In diesem Teil des Gebirges entlang der H\u00fcgel erkennen Sie die Schl\u00f6sser von Partistagno, Schlaraffenland und Zucco. \u00dcberqueren Sie die Stra\u00dfe und die Br\u00fccke \u00fcber den Kanal Cividina, dreht nach rechts. Entlang des Flusses hoch ist und die Vegetation \u00fcppig \u00fcppige manchmal. An der Kreuzung in Richtung S\u00fcden (rechts) weiter auf den Feldweg in der Weite der Wiesen. Angekommen an einem Scheideweg der asphaltierten Stra\u00dfe, rechts abbiegen und durch das Dorf, um Hauptschule zur\u00fcckkehren.<\/p>\n\t\t\n\t\t\t<\/div>\n    \t<\/div>\n\t<\/div>\n\t\n\t<!-- Container Row :: END -->\n\t\n<!-- Container Row --><div class=\"container animationStart \">\n\t\t<div class=\"row\">\n\t\t\t<div class=\"sixteen columns\">\n\t\t\t\n<p><strong>3 Anello dei quattro pioppi<\/strong><\/p>\n<p><img loading=\"lazy\" decoding=\"async\" class=\"wp-image-745 size-full alignleft\" title=\"03_anello\" src=\"https:\/\/residencecaporale.it\/wp-content\/uploads\/2013\/05\/03_anello.jpg\" width=\"206\" height=\"157\" \/>Strecke von 9,4 km nord-\u00f6stlich von Remanzacco haupts\u00e4chlich auf Schotterstra\u00dfe. Ford auf dem Fluss Malina. Crossing Ziracco. Nehmen Sie die Stra\u00dfe an der Furt Ziracco. Von der Br\u00fccke auf roggia Sie k\u00f6nnen das Wasser direkt von der M\u00fchle, ohne das Rad zu sehen. Abstieg zur Furt und gehen Sie einen herrlichen Blick auf die Berge genie\u00dfen. Nachdem die H\u00e4user Magnis erreichen Sie die ersten H\u00e4user von Ziracco (bei 26 feinen Kiosk). Halten auf der rechten Seite sehen Sie die &#8222;Loggia&#8220; auf der linken Seite und an der pr\u00e4chtigen Villa della Torre Valsassina. Gehen Sie durch das Dorf, um den Osten lohnt sich ein Abstecher in die Gasse Giaiotti heilige Fresken \u00fcber einer T\u00fcr im Jahre 1706. Er wendet sich nach S\u00fcden vor der Br\u00fccke \u00fcber der Kreuzung erscheint Grivo und der Fleck unserer &#8222;vier Pappeln.&#8220; Weiter geht es hinter der Bank rechts abbiegen an der Kreuzung in Richtung Remanzacco.<\/p>\n\t\t\n\t\t\t<\/div>\n    \t<\/div>\n\t<\/div>\n\t\n\t<!-- Container Row :: END -->\n\t\n<!-- Container Row --><div class=\"container animationStart \">\n\t\t<div class=\"row\">\n\t\t\t<div class=\"sixteen columns\">\n\t\t\t\n<p><strong>4 Anello delle tre acque<\/strong><\/p>\n<p><img loading=\"lazy\" decoding=\"async\" class=\"wp-image-746 size-full alignleft\" title=\"04_anello\" src=\"https:\/\/residencecaporale.it\/wp-content\/uploads\/2013\/05\/04_anello.jpg\" width=\"209\" height=\"157\" \/>Strecke von 10,9 km \u00f6stlich von Remanzacco haupts\u00e4chlich auf Schotterstra\u00dfe. Zwei Furten: auf Malina und sull&#8217;Ellero. Aufgenommen im Dorf Moimacco. Es ist aus dem Land im Osten an der Kreuzung nach der Furt \u00fcber Malina, biegen Sie rechts ab und gleich wieder rechts an der 1. Kreuzung. F\u00fcllen Sie den Horizont H\u00fcgel Butterwick. Biegen Sie links ab in Richtung Glockenturm Moimacco und nach der Furt sull&#8217;Ellero erreichen Sie die H\u00e4user. Biegen Sie links ab und wieder an die Kurve nach links. Es l\u00e4uft durch einen Wald, und es geht zur\u00fcck auf die Furt. Er wendet sich nach Norden geht die B\u00f6schung hinauf. Im Bereich oft passieren, um eine Gruppe von Reihern mehr zu bewundern. Wenn Sie den Eingang der Br\u00fccke sull&#8217;Ellero erreichen, k\u00f6nnen Sie in den Norden der Zusammenfluss dell&#8217;Ellero in Grivo und nach S\u00fcden bis zur Einm\u00fcndung der chiaro nell&#8217;Ellero in einer sch\u00f6nen Lage am Fluss zu sehen. One wendet sich an den Westen und kehrt in das Dorf Remanzacco.<\/p>\n\t\t\n\t\t\t<\/div>\n    \t<\/div>\n\t<\/div>\n\t\n\t<!-- Container Row :: END -->\n\t\n<!-- Container Row --><div class=\"container animationStart \">\n\t\t<div class=\"row\">\n\t\t\t<div class=\"sixteen columns\">\n\t\t\t\n<p><strong>5 Anello dei Casali Molino Cainero<\/strong><\/p>\n<p><img loading=\"lazy\" decoding=\"async\" class=\"wp-image-747 size-full alignleft\" title=\"05_anello\" src=\"https:\/\/residencecaporale.it\/wp-content\/uploads\/2013\/05\/05_anello.jpg\" width=\"209\" height=\"157\" \/>Pfad 4,1 km \u00f6stlich \/ s\u00fcd\u00f6stlich von Remanzacco, nicht gef\u00e4hrliche, fast ausschlie\u00dflich auf die wei\u00dfe Stra\u00dfe. Auch geeignet zum Wandern. Sie verlassen das Ragapark auf der Nord-Ost, rechts abbiegen nach links schalten Sie sofort. Es kreuzt der Kanal Cividina im gesch\u00fctzten Bereich &#8222;ex Peschiera&#8220; gerade die Julischen Alpen und ist deutlich sichtbar auf dem Grat, finden Sie das Dorf Castelmonte. Wir sind auf dem malerischen Land Magretti Bewegen und Halten der linken Seite ist der Hain von &#8222;Trees of children&#8220; f\u00fcr jedes neue geboren gepflanzt. Weiter auf dem Feldweg nach S\u00fcden bis zum Land Molino Cainero sorgf\u00e4ltig aufbewahrt, wo man zwei heilige Fresken auf einem alten Stein T\u00fcr bewundern k\u00f6nnen, das Wasser direkt von der alten M\u00fchle und einem Zeitungskiosk. An der Ausfahrt des Dorfes rechts abbiegen Richtung Remanzacco entlang des Kanals f\u00fcr eine Strecke in sch\u00f6nen Landschaft mit Bergblick.<\/p>\n\t\t\n\t\t\t<\/div>\n    \t<\/div>\n\t<\/div>\n\t\n\t<!-- Container Row :: END -->\n\t\n<!-- Container Row --><div class=\"container animationStart \">\n\t\t<div class=\"row\">\n\t\t\t<div class=\"sixteen columns\">\n\t\t\t\n<p><strong>6 Anello di Selvis<\/strong><\/p>\n<p><img loading=\"lazy\" decoding=\"async\" class=\"wp-image-748 size-full alignleft\" title=\"06_anello\" src=\"https:\/\/residencecaporale.it\/wp-content\/uploads\/2013\/05\/06_anello.jpg\" width=\"208\" height=\"157\" \/>Pfad 5.9 km s\u00fcdlich von Remanzacco haupts\u00e4chlich auf unbefestigten Stra\u00dfen und Einfahrten. Short Ton. Drei gef\u00e4hrliche Kreuzungen. Sie verlassen das Ragapark auf der Nord-Ost, rechts abbiegen, \u00fcberqueren Sie die Casali Molino Cainero entlang des Kanals mit malerischen Br\u00fccken Eingang zu den H\u00e4usern. Sie landen auf SP48 im Museum Tonutti und Sie gehen ca. 100 m auf der linken Seite. Biegen Sie rechts auf den Feldweg hinter den Schuppen im Industriegebiet. Nach der \u00dcberquerung einer Br\u00fccke ist ein sch\u00f6nes Land Landschaft. An der ersten Kreuzung biegen Sie rechts ab, kurz nach \u00dcberschreiten einer Asphaltstra\u00dfe und Sie am Ende in einem dichten Baumreihe entlang einem Graben. Biegen Sie rechts ab und folgen dem Feldweg in einem schattigen Tunnel, bis Sie die Kirche Unserer Lieben Frau vom Schnee zu erreichen. Am Ortsausgang von Selvis, nach einer kurzen Strecke entlang der SP48 und biegen Sie links auf der Schotterstra\u00dfe, von wo aus man einen sch\u00f6nen Blick auf Remanzacco mit der Kulisse der Berge zu bewundern.<\/p>\n\t\t\n\t\t\t<\/div>\n    \t<\/div>\n\t<\/div>\n\t\n\t<!-- Container Row :: END -->\n\t\n<!-- Container Row --><div class=\"container animationStart \">\n\t\t<div class=\"row\">\n\t\t\t<div class=\"sixteen columns\">\n\t\t\t\n<p><strong>7 Anello del Torrente Malina<\/strong><\/p>\n<p><img loading=\"lazy\" decoding=\"async\" class=\"wp-image-749 size-full alignleft\" title=\"07_anello\" src=\"https:\/\/residencecaporale.it\/wp-content\/uploads\/2013\/05\/07_anello.jpg\" width=\"210\" height=\"140\" \/>Pfad km12 s\u00fcdlich von Remanzacco, entwickelt vor allem entlang des Baches Malina, meist auf unbefestigten Stra\u00dfen. Zwei gef\u00e4hrliche Kreuzungen und eine Furt. Sie verlassen das Ragapark im Nord-Osten und dann nach S\u00fcden bis zur Kreuzung mit der SP48. Biegen Sie links ab und dann rechts zwischen einer Baumgruppe und Schuppen. An der Kreuzung von dem Feldweg nach links in sch\u00f6nen Landschaft mit Wiesen und W\u00e4ldern. Ai Casali Propetto findet den Kanal in einer l\u00e4ndlichen Umgebung. Go up \u00fcber dem Ufer des Malina links und es l\u00e4uft bis zur asphaltierten Stra\u00dfe. Die Fahrt ist sehr angenehm zwischen dem Rascheln der Bl\u00e4tter von Pappeln und Weiden und der Blick auf den H\u00fcgeln von Butterwick. Auf der linken Seite ist die Furt und nach ein paar hundert Metern Norden bis zu einem Feldweg, der einen herrlichen Blick auf die Julischen Alpen bietet einzuschalten. Gehen Sie entlang des Kanals auf einer Strecke, \u00fcber eine Br\u00fccke und an der Kreuzung links in Richtung Norden, bis Sie die SP48 erreichen. Gehe nach links und dem Museum Tonutti rechts zur\u00fcckkehren.<\/p>\n\t\t\n\t\t\t<\/div>\n    \t<\/div>\n\t<\/div>\n\t\n\t<!-- Container Row :: END -->\n\t\n<!-- Container Row --><div class=\"container animationStart \">\n\t\t<div class=\"row\">\n\t\t\t<div class=\"sixteen columns\">\n\t\t\t\n<p><strong>8 Anello di Cerneglons<\/strong><\/p>\n<p><img loading=\"lazy\" decoding=\"async\" class=\"wp-image-750 size-full alignleft\" title=\"08_anello\" src=\"https:\/\/residencecaporale.it\/wp-content\/uploads\/2013\/05\/08_anello.jpg\" width=\"210\" height=\"140\" \/>Verfolgen Mischung von 11,2 km s\u00fcd-westlich von Remanzacco haupts\u00e4chlich auf unbefestigten Stra\u00dfen. Entlang Cerneglons. Vier gef\u00e4hrliche Kreuzungen. Sie verlassen das Ragapark Westen und nehmen Sie die unbefestigte Stra\u00dfe f\u00fchrt zu Selvis. Auf der SP48 geben Sie das Dorf und fahren Sie rechts weiter auf der Schotterstra\u00dfe, die nach unten geht in der Mitte von bebauten Feldern. Auf der rechten Gabel im Westen, m\u00fcssen Sie zun\u00e4chst durch die SP96 und dann die asphaltierte Stra\u00dfe, die zum Cerneglons f\u00fchrt, weiter geradeaus auf der Stra\u00dfe passieren. Angezogen von einem breiten \u00dcberblick \u00fcber das Land, n\u00e4hern Sie halten die linke in sch\u00f6ne Landschaft durch Reihen von Maulbeerb\u00e4ume wurden markiert und gepflegt. Auf dem Platz, gehen Sie die Via di Mezzo links flankierenden Villa Laura Villa und Zoccolari. Es besucht die SP96, biegen Sie links und gleich wieder rechts auf eine Spur. Going in den dichten Busch, auf der linken Seite, \u00fcberqueren den Kanal und Aufstieg Norden durch Wiesen und Haine von Esche, Ahorn, Esche, Ahorn und Eichen in abgelegenen Gebieten und magische bis in die Gegenwart Casali Propetto. Sie fahren Richtung Norden, \u00fcberqueren Sie die SP48 nach links und dem Museum Tonutti biegen Sie rechts auf Remanzacco.<\/p>\n\t\t\n\t\t\t<\/div>\n    \t<\/div>\n\t<\/div>\n\t\n\t<!-- Container Row :: END -->\n\t\n<!-- Container Row --><div class=\"container animationStart \">\n\t\t<div class=\"row\">\n\t\t\t<div class=\"sixteen columns\">\n\t\t\t<h2 class=\"title\"><span>Parco del malina e del torre<\/span><\/h2><div class='h10'><\/div>\n<img loading=\"lazy\" decoding=\"async\" class=\"wp-image-769 size-full alignleft\" title=\"parco_malina\" src=\"https:\/\/residencecaporale.it\/wp-content\/uploads\/2013\/05\/parco_malina.jpg\" width=\"298\" height=\"197\" \/> Die Route verl\u00e4uft entlang dem rechten Ufer des Turms mit einfachen Feldwegen auf der Bank oder in den Auen. Einige Plakate an verschiedenen Eing\u00e4ngen des Parks zeigt den Weg durch Luftbilder gelegt. Der beste Teil der Strecke ist zweifellos der Ort s\u00fcdlich von Via Cividale als die Strecke nach Norden durch ein Gebiet, das in der Vergangenheit eine Deponie bewirtet hat. Der markierte Weg findet innerhalb der Stadtgrenzen von Udine aber sowohl im Norden und S\u00fcden k\u00f6nnen Sie weiterhin in die Pedale treten weiterhin die B\u00f6schung zu folgen. Im Norden ist, k\u00f6nnen Sie auf den Pfad der Bew\u00e4sserungsgr\u00e4ben verbinden.<\/p>\n<p>Im S\u00fcden finden wir den Weg &#8222;paj cjamps&#8220; der Stadt Pradamano. Crossing the Furt Beivars ist nun der Beginn des Weges Udine-Cividale.<\/p>\n<p>Link utili:<br \/>\n<a href=\"http:\/\/www.piste-ciclabili.com\/itinerari\/476-udine-parco-del-torre\" target=\"_blank\">http:\/\/www.piste-ciclabili.com\/itinerari\/476-udine-parco-del-torre<\/a><\/p>\n\t\t\n\t\t\t<\/div>\n    \t<\/div>\n\t<\/div>\n\t\n\t<!-- Container Row :: END -->\n\t\n<!-- Container Row --><div class=\"container animationStart \">\n\t\t<div class=\"row\">\n\t\t\t<div class=\"sixteen columns\">\n\t\t\t<h2 class=\"title\"><span>Avioclub Fly &amp; Joy<\/span><\/h2><div class='h10'><\/div>\n<p>Zwei Kilometer von tructure finden wir eine gute Schule f\u00fcr Ultraleichtflugzeuge und Segelfliegen sowie die Chance, die Erfahrungen mit Flugerfahrung in einem Ultraleicht.<\/p>\n<p><img loading=\"lazy\" decoding=\"async\" class=\"wp-image-782 size-full alignnone\" title=\"volo\" src=\"https:\/\/residencecaporale.it\/wp-content\/uploads\/2013\/05\/volo.jpg\" width=\"826\" height=\"293\" srcset=\"https:\/\/residencecaporale.it\/wp-content\/uploads\/2013\/05\/volo.jpg 826w, https:\/\/residencecaporale.it\/wp-content\/uploads\/2013\/05\/volo-300x106.jpg 300w, https:\/\/residencecaporale.it\/wp-content\/uploads\/2013\/05\/volo-768x272.jpg 768w\" sizes=\"auto, (max-width: 826px) 100vw, 826px\" \/><\/p>\n<p><a title=\"Fly &amp; Joy\" href=\"http:\/\/www.flyejoy.it\/\" target=\"_blank\">Vai al sito Fly &amp; Joy<\/a><\/p>\n\t\t\n\t\t\t<\/div>\n    \t<\/div>\n\t<\/div>\n\t\n\t<!-- Container Row :: END -->\n\t\n<!-- Container Row --><div class=\"container animationStart \">\n\t\t<div class=\"row\">\n\t\t\t<div class=\"sixteen columns\">\n\t\t\t<h2 class=\"title\"><span>Canoa Kayak<\/span><\/h2><div class='h10'><\/div>\n<p><img loading=\"lazy\" decoding=\"async\" class=\"alignnone wp-image-827 size-full\" title=\"kayak_isonzo\" src=\"https:\/\/residencecaporale.it\/wp-content\/uploads\/2013\/05\/kayak_isonzo.jpg\" width=\"601\" height=\"450\" srcset=\"https:\/\/residencecaporale.it\/wp-content\/uploads\/2013\/05\/kayak_isonzo.jpg 601w, https:\/\/residencecaporale.it\/wp-content\/uploads\/2013\/05\/kayak_isonzo-300x225.jpg 300w\" sizes=\"auto, (max-width: 601px) 100vw, 601px\" \/><\/p>\n<p>Wenn Sie m\u00f6chten, k\u00f6nnen Sie erleben Sie den Nervenkitzel von einem Abstieg durch die Stromschnellen des Flusses Isonzo Kajakfahren oder Rafting durch den erfahrenen lokalen F\u00fchrern begleitet.<\/p>\n\t\t\n\t\t\t<\/div>\n    \t<\/div>\n\t<\/div>\n\t\n\t<!-- Container Row :: END -->\n\t\n","protected":false},"excerpt":{"rendered":"","protected":false},"author":6,"featured_media":0,"parent":0,"menu_order":0,"comment_status":"open","ping_status":"open","template":"","meta":{"footnotes":""},"class_list":["post-1143","page","type-page","status-publish","hentry"],"_links":{"self":[{"href":"https:\/\/residencecaporale.it\/de\/wp-json\/wp\/v2\/pages\/1143","targetHints":{"allow":["GET"]}}],"collection":[{"href":"https:\/\/residencecaporale.it\/de\/wp-json\/wp\/v2\/pages"}],"about":[{"href":"https:\/\/residencecaporale.it\/de\/wp-json\/wp\/v2\/types\/page"}],"author":[{"embeddable":true,"href":"https:\/\/residencecaporale.it\/de\/wp-json\/wp\/v2\/users\/6"}],"replies":[{"embeddable":true,"href":"https:\/\/residencecaporale.it\/de\/wp-json\/wp\/v2\/comments?post=1143"}],"version-history":[{"count":4,"href":"https:\/\/residencecaporale.it\/de\/wp-json\/wp\/v2\/pages\/1143\/revisions"}],"predecessor-version":[{"id":1790,"href":"https:\/\/residencecaporale.it\/de\/wp-json\/wp\/v2\/pages\/1143\/revisions\/1790"}],"wp:attachment":[{"href":"https:\/\/residencecaporale.it\/de\/wp-json\/wp\/v2\/media?parent=1143"}],"curies":[{"name":"wp","href":"https:\/\/api.w.org\/{rel}","templated":true}]}}