{"id":1140,"date":"2013-05-12T17:17:17","date_gmt":"2013-05-12T15:17:17","guid":{"rendered":"http:\/\/www.residencecaporale.it\/it\/?page_id=676"},"modified":"2023-11-27T17:02:46","modified_gmt":"2023-11-27T16:02:46","slug":"pernottamenti","status":"publish","type":"page","link":"https:\/\/residencecaporale.it\/de\/pernottamenti\/","title":{"rendered":"\u00dcbernachtung"},"content":{"rendered":"<style>\n.full_container_page_title { display: none !important; }<br \/>\n<\/style>\n<!-- Container Row --><div class=\"container full_container_slider \">\n\t\t<div class=\"row\">\n\t\t\t\n\t\t\t\n\t\t\t<!-- START Appartamenti REVOLUTION SLIDER 6.5.6 --><p class=\"rs-p-wp-fix\"><\/p>\n\t\t\t<rs-module-wrap id=\"rev_slider_5_1_wrapper\" data-source=\"gallery\" style=\"visibility:hidden;background:#E9E9E9;padding:0;margin:0px auto;margin-top:0;margin-bottom:0;\">\n\t\t\t\t<rs-module id=\"rev_slider_5_1\" style=\"\" data-version=\"6.5.6\">\n\t\t\t\t\t<rs-slides>\n\t\t\t\t\t\t<rs-slide style=\"position: absolute;\" data-key=\"rs-26\" data-title=\"Cucina1\" data-anim=\"ms:600;\" data-in=\"o:0;\" data-out=\"a:false;\">\n\t\t\t\t\t\t\t<img decoding=\"async\" src=\"\/\/residencecaporale.it\/wp-content\/plugins\/revslider\/public\/assets\/assets\/dummy.png\" title=\"\u00dcbernachtung\" class=\"rev-slidebg tp-rs-img rs-lazyload\" data-lazyload=\"\/\/residencecaporale.it\/wp-content\/uploads\/2017\/09\/P1010344-cucina-1600x800.jpg\" data-no-retina>\n<!---->\t\t\t\t\t\t<\/rs-slide>\n\t\t\t\t\t\t<rs-slide style=\"position: absolute;\" data-key=\"rs-24\" data-title=\"Camera1\" data-anim=\"ms:600;\" data-in=\"o:0;\" data-out=\"a:false;\">\n\t\t\t\t\t\t\t<img decoding=\"async\" src=\"\/\/residencecaporale.it\/wp-content\/plugins\/revslider\/public\/assets\/assets\/dummy.png\" title=\"\u00dcbernachtung\" class=\"rev-slidebg tp-rs-img rs-lazyload\" data-lazyload=\"\/\/residencecaporale.it\/wp-content\/uploads\/2017\/09\/Panorama-Camera-2-1600x800.jpg\" data-no-retina>\n<!---->\t\t\t\t\t\t<\/rs-slide>\n\t\t\t\t\t\t<rs-slide style=\"position: absolute;\" data-key=\"rs-27\" data-title=\"Cucina2\" data-anim=\"ms:600;\" data-in=\"o:0;\" data-out=\"a:false;\">\n\t\t\t\t\t\t\t<img decoding=\"async\" src=\"\/\/residencecaporale.it\/wp-content\/plugins\/revslider\/public\/assets\/assets\/dummy.png\" title=\"\u00dcbernachtung\" class=\"rev-slidebg tp-rs-img rs-lazyload\" data-lazyload=\"\/\/residencecaporale.it\/wp-content\/uploads\/2017\/09\/P1010340-cucina-1600x800.jpg\" data-no-retina>\n<!---->\t\t\t\t\t\t<\/rs-slide>\n\t\t\t\t\t\t<rs-slide style=\"position: absolute;\" data-key=\"rs-25\" data-title=\"Camera2\" data-anim=\"ms:600;\" data-in=\"o:0;\" data-out=\"a:false;\">\n\t\t\t\t\t\t\t<img decoding=\"async\" src=\"\/\/residencecaporale.it\/wp-content\/plugins\/revslider\/public\/assets\/assets\/dummy.png\" title=\"\u00dcbernachtung\" class=\"rev-slidebg tp-rs-img rs-lazyload\" data-lazyload=\"\/\/residencecaporale.it\/wp-content\/uploads\/2017\/09\/Panorama-Camera-1-1600x800.jpg\" data-no-retina>\n<!---->\t\t\t\t\t\t<\/rs-slide>\n\t\t\t\t\t<\/rs-slides>\n\t\t\t\t<\/rs-module>\n\t\t\t\t<script type=\"text\/javascript\">\n\t\t\t\t\tsetREVStartSize({c: 'rev_slider_5_1',rl:[1240,1024,778,480],el:[],gw:[1600],gh:[800],type:'standard',justify:'',layout:'fullwidth',mh:\"800\"});if (window.RS_MODULES!==undefined && window.RS_MODULES.modules!==undefined && window.RS_MODULES.modules[\"revslider51\"]!==undefined) {window.RS_MODULES.modules[\"revslider51\"].once = false;window.revapi5 = undefined;if (window.RS_MODULES.checkMinimal!==undefined) window.RS_MODULES.checkMinimal()}\n\t\t\t\t<\/script>\n\t\t\t<\/rs-module-wrap>\n\t\t\t<!-- END REVOLUTION SLIDER -->\n\t\t\n\t\t\t\n    \t<\/div>\n\t<\/div>\n\t\n\t<!-- Container Row :: END -->\n\t\n<!-- Container Row --><div class=\"container animationStart \">\n\t\t<div class=\"row\">\n\t\t\t<div class=\"sixteen columns\">\n\t\t\t\n<div class=\"section_big_title  section_big_no_m\">\n<h1>Residence <strong>Caporale<\/strong><\/h1>\n<h2>\u00dcbernachtung<\/h2>\n<\/div>\n<p><img loading=\"lazy\" decoding=\"async\" class=\"wp-image-1422 size-full alignleft\" title=\"terra_monitor\" src=\"https:\/\/residencecaporale.it\/wp-content\/uploads\/2013\/05\/icon_big_bed.png\" width=\"102\" height=\"102\" srcset=\"https:\/\/residencecaporale.it\/wp-content\/uploads\/2013\/05\/icon_big_bed.png 102w, https:\/\/residencecaporale.it\/wp-content\/uploads\/2013\/05\/icon_big_bed-60x60.png 60w\" sizes=\"auto, (max-width: 102px) 100vw, 102px\" \/><br \/>\nWir haben 6 SCH\u00d6NE WOHNUNG.<br \/>\nDie Wohnungen sind alle mit Doppel-oder Einzelzimmer mit eigenem Bad und ein Wohnzimmer mit einer K\u00fcchenzeile ausgestattet und haben auch Zugang zu einem kleinen privaten Gr\u00fcnfl\u00e4che. Sie mit dem Internet verbunden sind und mit Sat-TV, Zimmer sind klimatisiert und haben auch Zugang zu Parkplatz und Keller.<\/p>\n<h2 class=\"title\"><span>Preiselist<\/span><\/h2><div class='h10'><\/div>\n<div class=\"row price_table_holder col_2\">\n<div class=\"price_column \"><ul><li class=\"price_column_title\">Einzelzimmer<\/li><li class=\"price_amount\">\u20ac45<\/li><li class=\"price_desc\">Badezimmer<\/li><li class=\"price_desc\">Fr\u00fchst\u00fcck<\/li><li class=\"price_desc\">Kochnische<\/li><li class=\"price_desc\">Keller<\/li><li class=\"price_desc\">Posto auto<\/li><li class=\"price_desc\">Klimaanlage<\/li><li class=\"price_desc\">Sat-TV<\/li><li class=\"price_desc\">WiFi<\/li><li class=\"price_footer\"><a href=\"?page_id=266\" class=\"button sm_button button_pale\"  target='_self'>Kontakt<\/a><\/li><\/ul><\/div>\n<div class=\"price_column price_column_featured\"><ul><li class=\"price_column_title\">Doppelzimmer<\/li><li class=\"price_amount\">\u20ac80<\/li><li class=\"price_desc\">Badezimmer<\/li><li class=\"price_desc\">Fr\u00fchst\u00fcck<\/li><li class=\"price_desc\">Kochnische<\/li><li class=\"price_desc\">Keller<\/li><li class=\"price_desc\">Posto auto<\/li><li class=\"price_desc\">Klimaanlage<\/li><li class=\"price_desc\">Sat-TV<\/li><li class=\"price_desc\">WiFi<\/li><li class=\"price_footer\"><a href=\"?page_id=266\" class=\"button sm_button button_hilite\"  target='_self'>Kontakt<\/a><\/li><\/ul><\/div>\n<\/div>\n\t\t\n\t\t\t<\/div>\n    \t<\/div>\n\t<\/div>\n\t\n\t<!-- Container Row :: END -->\n\t\n","protected":false},"excerpt":{"rendered":"","protected":false},"author":6,"featured_media":0,"parent":0,"menu_order":0,"comment_status":"open","ping_status":"open","template":"","meta":{"footnotes":""},"class_list":["post-1140","page","type-page","status-publish","hentry"],"_links":{"self":[{"href":"https:\/\/residencecaporale.it\/de\/wp-json\/wp\/v2\/pages\/1140","targetHints":{"allow":["GET"]}}],"collection":[{"href":"https:\/\/residencecaporale.it\/de\/wp-json\/wp\/v2\/pages"}],"about":[{"href":"https:\/\/residencecaporale.it\/de\/wp-json\/wp\/v2\/types\/page"}],"author":[{"embeddable":true,"href":"https:\/\/residencecaporale.it\/de\/wp-json\/wp\/v2\/users\/6"}],"replies":[{"embeddable":true,"href":"https:\/\/residencecaporale.it\/de\/wp-json\/wp\/v2\/comments?post=1140"}],"version-history":[{"count":5,"href":"https:\/\/residencecaporale.it\/de\/wp-json\/wp\/v2\/pages\/1140\/revisions"}],"predecessor-version":[{"id":7104,"href":"https:\/\/residencecaporale.it\/de\/wp-json\/wp\/v2\/pages\/1140\/revisions\/7104"}],"wp:attachment":[{"href":"https:\/\/residencecaporale.it\/de\/wp-json\/wp\/v2\/media?parent=1140"}],"curies":[{"name":"wp","href":"https:\/\/api.w.org\/{rel}","templated":true}]}}