{"id":1138,"date":"2013-03-25T14:11:36","date_gmt":"2013-03-25T13:11:36","guid":{"rendered":"http:\/\/blueowlcreative.com\/wp\/terra\/green\/?page_id=243"},"modified":"2023-11-27T17:02:32","modified_gmt":"2023-11-27T16:02:32","slug":"appartamenti","status":"publish","type":"page","link":"https:\/\/residencecaporale.it\/de\/appartamenti\/","title":{"rendered":"Wohnungen und Preise"},"content":{"rendered":"<style>\n.full_container_page_title { display: none !important; }<br \/>\n<\/style>\n<!-- Container Row --><div class=\"container full_container_slider \">\n\t\t<div class=\"row\">\n\t\t\t\n\t\t\t\n\t\t\t<!-- START Appartamenti REVOLUTION SLIDER 6.5.6 --><p class=\"rs-p-wp-fix\"><\/p>\n\t\t\t<rs-module-wrap id=\"rev_slider_5_1_wrapper\" data-source=\"gallery\" style=\"visibility:hidden;background:#E9E9E9;padding:0;margin:0px auto;margin-top:0;margin-bottom:0;\">\n\t\t\t\t<rs-module id=\"rev_slider_5_1\" style=\"\" data-version=\"6.5.6\">\n\t\t\t\t\t<rs-slides>\n\t\t\t\t\t\t<rs-slide style=\"position: absolute;\" data-key=\"rs-26\" data-title=\"Cucina1\" data-anim=\"ms:600;\" data-in=\"o:0;\" data-out=\"a:false;\">\n\t\t\t\t\t\t\t<img decoding=\"async\" src=\"\/\/residencecaporale.it\/wp-content\/plugins\/revslider\/public\/assets\/assets\/dummy.png\" title=\"Wohnungen und Preise\" class=\"rev-slidebg tp-rs-img rs-lazyload\" data-lazyload=\"\/\/residencecaporale.it\/wp-content\/uploads\/2017\/09\/P1010344-cucina-1600x800.jpg\" data-no-retina>\n<!---->\t\t\t\t\t\t<\/rs-slide>\n\t\t\t\t\t\t<rs-slide style=\"position: absolute;\" data-key=\"rs-24\" data-title=\"Camera1\" data-anim=\"ms:600;\" data-in=\"o:0;\" data-out=\"a:false;\">\n\t\t\t\t\t\t\t<img decoding=\"async\" src=\"\/\/residencecaporale.it\/wp-content\/plugins\/revslider\/public\/assets\/assets\/dummy.png\" title=\"Wohnungen und Preise\" class=\"rev-slidebg tp-rs-img rs-lazyload\" data-lazyload=\"\/\/residencecaporale.it\/wp-content\/uploads\/2017\/09\/Panorama-Camera-2-1600x800.jpg\" data-no-retina>\n<!---->\t\t\t\t\t\t<\/rs-slide>\n\t\t\t\t\t\t<rs-slide style=\"position: absolute;\" data-key=\"rs-27\" data-title=\"Cucina2\" data-anim=\"ms:600;\" data-in=\"o:0;\" data-out=\"a:false;\">\n\t\t\t\t\t\t\t<img decoding=\"async\" src=\"\/\/residencecaporale.it\/wp-content\/plugins\/revslider\/public\/assets\/assets\/dummy.png\" title=\"Wohnungen und Preise\" class=\"rev-slidebg tp-rs-img rs-lazyload\" data-lazyload=\"\/\/residencecaporale.it\/wp-content\/uploads\/2017\/09\/P1010340-cucina-1600x800.jpg\" data-no-retina>\n<!---->\t\t\t\t\t\t<\/rs-slide>\n\t\t\t\t\t\t<rs-slide style=\"position: absolute;\" data-key=\"rs-25\" data-title=\"Camera2\" data-anim=\"ms:600;\" data-in=\"o:0;\" data-out=\"a:false;\">\n\t\t\t\t\t\t\t<img decoding=\"async\" src=\"\/\/residencecaporale.it\/wp-content\/plugins\/revslider\/public\/assets\/assets\/dummy.png\" title=\"Wohnungen und Preise\" class=\"rev-slidebg tp-rs-img rs-lazyload\" data-lazyload=\"\/\/residencecaporale.it\/wp-content\/uploads\/2017\/09\/Panorama-Camera-1-1600x800.jpg\" data-no-retina>\n<!---->\t\t\t\t\t\t<\/rs-slide>\n\t\t\t\t\t<\/rs-slides>\n\t\t\t\t<\/rs-module>\n\t\t\t\t<script type=\"text\/javascript\">\n\t\t\t\t\tsetREVStartSize({c: 'rev_slider_5_1',rl:[1240,1024,778,480],el:[],gw:[1600],gh:[800],type:'standard',justify:'',layout:'fullwidth',mh:\"800\"});if (window.RS_MODULES!==undefined && window.RS_MODULES.modules!==undefined && window.RS_MODULES.modules[\"revslider51\"]!==undefined) {window.RS_MODULES.modules[\"revslider51\"].once = false;window.revapi5 = undefined;if (window.RS_MODULES.checkMinimal!==undefined) window.RS_MODULES.checkMinimal()}\n\t\t\t\t<\/script>\n\t\t\t<\/rs-module-wrap>\n\t\t\t<!-- END REVOLUTION SLIDER -->\n\t\t\n\t\t\t\n    \t<\/div>\n\t<\/div>\n\t\n\t<!-- Container Row :: END -->\n\t\n<!-- Container Row --><div class=\"container animationStart \">\n\t\t<div class=\"row\">\n\t\t\t<div class=\"sixteen columns\">\n\t\t\t\n<div class=\"section_big_title  section_big_no_m\">\n<h1>Residence <strong>Caporale<\/strong><\/h1>\n<h2>Wohnungen und Preise<\/h2>\n<\/div>\n\t\t\n\t\t\t<\/div>\n    \t<\/div>\n\t<\/div>\n\t\n\t<!-- Container Row :: END -->\n\t\n<!-- Container Row --><div class=\"container animationStart \">\n\t\t<div class=\"row\">\n\t\t\t<div class=\"sixteen columns\">\n\t\t\t\n<p><strong>Wir haben 6 bewundern sch\u00f6ne Wohnungen.<\/strong><br \/>\nDie Wohnungen sind alle mit Doppel oder Einzelzimmer mit eigenem Bad und ein Wohnzimmer mit einer K\u00fcchenzeile ausgestattet und haben auch Zugang zu einem kleinen privaten Gr\u00fcnfl\u00e4che. Sie mit dem Internet verbunden sind und mit Sat-TV, Zimmer sind klimatisiert und haben auch Zugang zu Parkplatz und Keller.<\/p>\n\t\t\n\t\t\t<\/div>\n    \t<\/div>\n\t<\/div>\n\t\n\t<!-- Container Row :: END -->\n\t\n<!-- Container Row --><div class=\"container animationStart \">\n\t\t<div class=\"row\">\n\t\t\t<div class=\"sixteen columns\">\n\t\t\t\n<div class=\"eight columns  alpha\"><h2 class=\"title\"><span>Ausr\u00fcstung der Wohnungen<\/span><\/h2><div class='h10'><\/div><div class=\"tabs htabs\"><a href=\"#tab1\">Merkmale Wohnungen<\/a><a href=\"#tab2\">Technishen Ausr\u00fcstung<\/a><a href=\"#tab3\">Gr\u00fcnanlage<\/a><\/div><div class=\"tab-content\"  id=\"tab1\">\n<h4>Wir haben 3 Einzelzimmer Whonung und 3 Doppel<\/h4>\n<ul class=\"checked\">\n<li>Kochnische<\/li>\n<li>Badezimmer<\/li>\n<li>Keller<\/li>\n<li>Parkplatz<\/li>\n<\/ul>\n<\/div><div class=\"tab-content\"  id=\"tab2\">\n<h4>Technische Ausstattung der Wohnungen<\/h4>\n<ul class=\"checked\">\n<li>WiFi<\/li>\n<li>Sat-Tv<\/li>\n<li>Klimaanlage<\/li>\n<\/ul>\n<\/div><div class=\"tab-content\"  id=\"tab3\">\n<h4>Gr\u00fcnanlage<\/h4>\n<p style=\"margin-bottom: 0;\">Jede Wohnung hat einen kleinen gr\u00fcnen Bereich.<\/p>\n<\/div><\/div><div class=\"eight columns  omega\"><h2 class=\"title\"><span>Unser Know-how<\/span><\/h2><div class='h10'><\/div><div class=\"circ_numbers_holder animationBegin\">\n\t<div class=\"circ_counter\">\n\t\t\t\t\t<canvas width=100 height=100  data-end-nu=\"59\"><\/canvas>\n\t\t\t\t\t<div class=\"circ_counter_text_holder\"><span class=\"circ_counter_text\"  id=\"circ_counter_text1\"><\/span><span class=\"counter_percent_sign\">%<\/span><\/div>\n\t\t\t\t\t<div class=\"circ_counter_desc\">Stammg\u00e4ste<\/div>\n\t\t\t\t<\/div>\n\t<div class=\"circ_counter\">\n\t\t\t\t\t<canvas width=100 height=100  data-end-nu=\"95\"><\/canvas>\n\t\t\t\t\t<div class=\"circ_counter_text_holder\"><span class=\"circ_counter_text\"  id=\"circ_counter_text2\"><\/span><span class=\"counter_percent_sign\">%<\/span><\/div>\n\t\t\t\t\t<div class=\"circ_counter_desc\">Hospitality<\/div>\n\t\t\t\t<\/div>\n\t<div class=\"circ_counter\">\n\t\t\t\t\t<canvas width=100 height=100  data-end-nu=\"100\"><\/canvas>\n\t\t\t\t\t<div class=\"circ_counter_text_holder\"><span class=\"circ_counter_text\"  id=\"circ_counter_text3\"><\/span><span class=\"counter_percent_sign\">%<\/span><\/div>\n\t\t\t\t\t<div class=\"circ_counter_desc\">Zufriedene Kunden<\/div>\n\t\t\t\t<\/div>\n<\/div>\n\t\t\t<script>\n\t\t\t\t\tvar opts = {\n\t\t\t\t\t  lines: 1, \/\/ The number of lines to draw\n\t\t\t\t\t  angle: 0.49, \/\/ The length of each line\n\t\t\t\t\t  lineWidth: 0.05, \/\/ The line thickness\n\t\t\t\t\t  colorStart: \"#9dd91f\",   \/\/ Colors\n\t\t\t\t\t  colorStop: \"#ffffff\",    \/\/ just experiment with them\n\t\t\t\t\t  strokeColor: \"#f5f5f5\",   \/\/ to see which ones work best for you\n\t\t\t\t\t  shadowColor: \"#dddddd\",\n\t\t\t\t\t  generateGradient: true\n\t\t\t\t\t};\n\t\t\t\t\t  \n\t\t\t\t\t\n\t\t\t\t\t jQuery(\".circ_numbers_holder.animationBegin\").appear({\n\t\t\t\t\t\t\tonce: true,\n\t\t\t\t\t\t\tforEachVisible: function (i, e) {\n\t\t\t\t\t\t\t\tjQuery(e).data(\"delay\", i);\n\t\t\t\t\t\t\t},\n\t\t\t\t\t\t\tappear: function () {\n\t\t\t\t\t\t\t\tvar delay = 800,\n\t\t\t\t\t\t\t\t\tstagger = 1000,\n\t\t\t\t\t\t\t\t\tsequential_delay = stagger * parseInt(jQuery(this).data(\"delay\")) || 0;\n\t\t\t\n\t\t\t\t\t\t\t\tjQuery(this).children(\".circ_counter\").each(function (i, e) {\n\t\t\t\t\t\t\t\t\tjQuery(e).trans(i * delay + sequential_delay + \"ms\", \"-delay\");\n\t\t\t\t\t\t\t\t\t\n\t\t\t\t\t\t\t\t\tsetTimeout(function(){\n\t\t\t\t\t\t\t\t\t\tend_nu = parseInt(jQuery(e).children(\"canvas:first\").attr(\"data-end-nu\"));\n\t\t\t\t\t\t\t\t\t\n\t\t\t\t\t\t\t\t\t\tjQuery(e).children(\"canvas:first\").gauge(opts, end_nu);\n\t\t\t\t\t\t\t\t\t\tjQuery(e).find(\".counter_percent_sign:first\").addClass(\"shown\")\n\t\t\t\t\t\t\t\t\t\t\n\t\t\t\t\t\t\t\t\t}, i * delay + sequential_delay);\n\t\t\t\t\t\t\t\t\t\n\t\t\t\t\t\t\t       \n\t\t\t\t\t\t\t    \n\t\t\t\t\t\t\t\t});\n\t\t\t\t\t\t\t\tjQuery(this).removeClass(\"animationBegin\");\n\t\t\t\t\t\t\t}\n\t\t\t\t\t\t});\n\t\t\t\t\t\n\t\t\t\t\t\n\t\t\t\t\t\n\t\t\t\t\t\n\t\t\t\t\t  jQuery.fn.gauge = function(opts, set_to) {\n\t\t\t\t\t\t  this.each(function() {\n\t\t\t\t\t\t\tvar $this = jQuery(this),\n\t\t\t\t\t\t\t\tdata = $this.data();\n\t\t\t\t\t\n\t\t\t\t\t\t\tif (data.gauge) {\n\t\t\t\t\t\t\t  data.gauge.stop();\n\t\t\t\t\t\t\t  delete data.gauge;\n\t\t\t\t\t\t\t}\n\t\t\t\t\t\t\tif (opts !== false) {\n\t\t\t\t\t\t\t  data.gauge = new Donut(this).setOptions(opts);\t  \t\t  \n\t\t\t\t\t\t\t  data.gauge.setTextField(document.getElementById($this.next(\".circ_counter_text_holder\").children(\".circ_counter_text\").attr(\"id\")));\n\t\t\t\t\t\t\t  \n\t\t\t\t\t\t\t  data.gauge.maxValue = 100; \/\/ set max gauge value\n\t\t\t\t\t\t\t  data.gauge.animationSpeed = 30; \/\/ set animation speed (32 is default value)\n\t\t\t\t\t\t\t  data.gauge.set(set_to); \/\/ set actual value\n\t\t\t\t\t\t\t\n\t\t\t\t\t\t\t}\n\t\t\t\t\t\t  });\n\t\t\t\t\t\t  \n\t\t\t\t\t\t  return this;\n\t\t\t\t\t\t};\n\t\t\t\t\t  \n\t\t\t\t\t  \n\t\t\t\t\t  \n\t\t\t\t<\/script>\n\t<\/div><br class=\"h10 clear\"\/>\n\t\t\n\t\t\t<\/div>\n    \t<\/div>\n\t<\/div>\n\t\n\t<!-- Container Row :: END -->\n\t\n<!-- Container Row --><div class=\"container animationStart \">\n\t\t<div class=\"row\">\n\t\t\t<div class=\"sixteen columns\">\n\t\t\t\n<p><\/p>\n<h2 class=\"title\"><span>Preisliste<\/span><\/h2><div class='h10'><\/div>\n<p><\/p>\n<div class=\"row price_table_holder col_2\">\n<div class=\"price_column \"><ul><li class=\"price_column_title\">Einzelzimmer<\/li><li class=\"price_amount\">\u20ac45<\/li><li class=\"price_desc\">Badezimmer<\/li><li class=\"price_desc\">Fr\u00fchst\u00fcck<\/li><li class=\"price_desc\">Kochnische<\/li><li class=\"price_desc\">Keller<\/li><li class=\"price_desc\">Parken<\/li><li class=\"price_desc\">Klimaanlage<\/li><li class=\"price_desc\">Sat-TV<\/li><li class=\"price_desc\">WiFi<\/li><li class=\"price_footer\"><a href=\"?page_id=266\" class=\"button sm_button button_pale\"  target='_blank'>Kontakt<\/a><\/li><\/ul><\/div>\n<div class=\"price_column price_column_featured\"><ul><li class=\"price_column_title\">Doppelzimmer<\/li><li class=\"price_amount\">\u20ac80<\/li><li class=\"price_desc\">Badezimmer<\/li><li class=\"price_desc\">Fr\u00fchst\u00fcck<\/li><li class=\"price_desc\">Kochnische<\/li><li class=\"price_desc\">Keller<\/li><li class=\"price_desc\">Parken<\/li><li class=\"price_desc\">Klimaanlage<\/li><li class=\"price_desc\">Sat-TV<\/li><li class=\"price_desc\">WiFi<\/li><li class=\"price_footer\"><a href=\"?page_id=266\" class=\"button sm_button button_hilite\"  target='_blank'>Kontakt<\/a><\/li><\/ul><\/div>\n<\/div>\n\t\t\n\t\t\t<\/div>\n    \t<\/div>\n\t<\/div>\n\t\n\t<!-- Container Row :: END -->\n\t\n","protected":false},"excerpt":{"rendered":"","protected":false},"author":6,"featured_media":0,"parent":0,"menu_order":0,"comment_status":"open","ping_status":"open","template":"","meta":{"footnotes":""},"class_list":["post-1138","page","type-page","status-publish","hentry"],"_links":{"self":[{"href":"https:\/\/residencecaporale.it\/de\/wp-json\/wp\/v2\/pages\/1138","targetHints":{"allow":["GET"]}}],"collection":[{"href":"https:\/\/residencecaporale.it\/de\/wp-json\/wp\/v2\/pages"}],"about":[{"href":"https:\/\/residencecaporale.it\/de\/wp-json\/wp\/v2\/types\/page"}],"author":[{"embeddable":true,"href":"https:\/\/residencecaporale.it\/de\/wp-json\/wp\/v2\/users\/6"}],"replies":[{"embeddable":true,"href":"https:\/\/residencecaporale.it\/de\/wp-json\/wp\/v2\/comments?post=1138"}],"version-history":[{"count":5,"href":"https:\/\/residencecaporale.it\/de\/wp-json\/wp\/v2\/pages\/1138\/revisions"}],"predecessor-version":[{"id":7103,"href":"https:\/\/residencecaporale.it\/de\/wp-json\/wp\/v2\/pages\/1138\/revisions\/7103"}],"wp:attachment":[{"href":"https:\/\/residencecaporale.it\/de\/wp-json\/wp\/v2\/media?parent=1138"}],"curies":[{"name":"wp","href":"https:\/\/api.w.org\/{rel}","templated":true}]}}