{"id":1137,"date":"2013-03-25T13:20:27","date_gmt":"2013-03-25T12:20:27","guid":{"rendered":"http:\/\/blueowlcreative.com\/wp\/terra\/green\/?page_id=225"},"modified":"2017-09-26T14:51:51","modified_gmt":"2017-09-26T12:51:51","slug":"uber-uns","status":"publish","type":"page","link":"https:\/\/residencecaporale.it\/de\/uber-uns\/","title":{"rendered":"\u00dcber uns"},"content":{"rendered":"<style>.full_container_page_title { display: none !important; }<\/style>\n<!-- Container Row --><div class=\"container full_container_slider \">\n\t\t<div class=\"row\">\n\t\t\t\n\t\t\t\n\t\t\t<!-- START Rosa REVOLUTION SLIDER 6.5.6 --><p class=\"rs-p-wp-fix\"><\/p>\n\t\t\t<rs-module-wrap id=\"rev_slider_7_1_wrapper\" data-source=\"gallery\" style=\"visibility:hidden;background:#E9E9E9;padding:0;margin:0px auto;margin-top:0;margin-bottom:0;\">\n\t\t\t\t<rs-module id=\"rev_slider_7_1\" style=\"\" data-version=\"6.5.6\">\n\t\t\t\t\t<rs-slides>\n\t\t\t\t\t\t<rs-slide style=\"position: absolute;\" data-key=\"rs-45\" data-title=\"Insegna rosa\" data-anim=\"ms:600;\" data-in=\"o:0;\" data-out=\"a:false;\">\n\t\t\t\t\t\t\t<img decoding=\"async\" src=\"\/\/residencecaporale.it\/wp-content\/plugins\/revslider\/public\/assets\/assets\/dummy.png\" title=\"\u00dcber uns\" class=\"rev-slidebg tp-rs-img rs-lazyload\" data-lazyload=\"\/\/residencecaporale.it\/wp-content\/uploads\/2013\/03\/Residence-udine-rosa-1600x600.jpg\" data-no-retina>\n<!---->\t\t\t\t\t\t<\/rs-slide>\n\t\t\t\t\t\t<rs-slide style=\"position: absolute;\" data-key=\"rs-451\" data-title=\"Insegna rosa\" data-anim=\"ms:600;\" data-in=\"o:0;\" data-out=\"a:false;\">\n\t\t\t\t\t\t\t<img decoding=\"async\" src=\"\/\/residencecaporale.it\/wp-content\/plugins\/revslider\/public\/assets\/assets\/dummy.png\" title=\"\u00dcber uns\" class=\"rev-slidebg tp-rs-img rs-lazyload\" data-lazyload=\"\/\/residencecaporale.it\/wp-content\/uploads\/2013\/03\/Residence-udine-rosa-1600x600.jpg\" data-no-retina>\n<!---->\t\t\t\t\t\t<\/rs-slide>\n\t\t\t\t\t<\/rs-slides>\n\t\t\t\t<\/rs-module>\n\t\t\t\t<script type=\"text\/javascript\">\n\t\t\t\t\tsetREVStartSize({c: 'rev_slider_7_1',rl:[1240,1024,778,480],el:[],gw:[1600],gh:[600],type:'standard',justify:'',layout:'fullwidth',mh:\"600\"});if (window.RS_MODULES!==undefined && window.RS_MODULES.modules!==undefined && window.RS_MODULES.modules[\"revslider71\"]!==undefined) {window.RS_MODULES.modules[\"revslider71\"].once = false;window.revapi7 = undefined;if (window.RS_MODULES.checkMinimal!==undefined) window.RS_MODULES.checkMinimal()}\n\t\t\t\t<\/script>\n\t\t\t<\/rs-module-wrap>\n\t\t\t<!-- END REVOLUTION SLIDER -->\n\t\t\n\t\t\t\n    \t<\/div>\n\t<\/div>\n\t\n\t<!-- Container Row :: END -->\n\t\n<!-- Container Row --><div class=\"container animationStart \">\n\t\t<div class=\"row\">\n\t\t\t<div class=\"sixteen columns\">\n\t\t\t\n<div class=\"section_big_title  section_big_no_m\">\n<h1>Residence <strong>Caporale<\/strong><\/h1>\n<h2>Engagement und Tradition<\/h2>\n<\/div>\n<p>Der Bauernhof Azienda Agricola Corporale stammt aus Jahrhunderte alten Tradition der Bearbeitung des Bodens. Ein altes stabiles Land, genutzt, um mehr Familien begr\u00fc\u00dfen, hat sich zu einem wundersch\u00f6nen Aufenthalt umgewandelt worden. Die Geschichte des Unternehmens setzt sich aus gro\u00dfen Namen gemacht: Carlo und Luigi Pionierunternehmen bei aktuellen Dario und Emilia. Unsere Familie war in der Lage, mit einer Leidenschaft f\u00fcr ihre Arbeit, drehen Sie ihn mit Liebe und Aufmerksamkeit, die zur Pflege ihres Landes. Die Residenz Caporale mit seinen Wohnungen und Dienstleistungen rund um das Wohlbefinden ist ein entspannen &#8230; Die unz\u00e4hligen Sch\u00e4tze Landschaft, unber\u00fchrte Natur und vor allem saubere Luft, um das Wohlergehen der ausgezeichneten visitatori.Questa ist unsere Familie beitragen..<\/p>\n\t\t\n\t\t\t<\/div>\n    \t<\/div>\n\t<\/div>\n\t\n\t<!-- Container Row :: END -->\n\t\n<!-- Container Row --><div class=\"container animationStart \">\n\t\t<div class=\"row\">\n\t\t\t<div class=\"sixteen columns\">\n\t\t\t\n<div class=\"four columns  alpha\">\t<div class=\"team_block_content animationStart\">\n\t\t\t\t<div class=\"pic\">\n\t\t\t\t\t<img decoding=\"async\" src=\"https:\/\/residencecaporale.it\/wp-content\/themes\/Terra\/images\/user.png\">\n\t\t\t\t\t<div class=\"team_block\">\n\t\t\t\t\t\t<h4>Dario Caporale<\/h4>\n\t\t\t\t\t\t<p class=\"team_desc\">Eigent\u00fcmer<\/p>\n\t\t\t\t\t\t<p class=\"team_text\">Eigent\u00fcmer und Betreiber von mehr als einem halben Jahrhundert von der gleichnamigen Farm.<\/p>\n\t\t\t\t\t\n\t\t\t\t\t\n\t\t\t\t\t\n\t\t\t\t\t\n\t\t\t\t\t\n\t\t\t\t\t<\/div>\n\t\t\t\t<\/div>\n\t\t\t<\/div>\n\t\t<\/div>\n<div class=\"four columns  \">\t<div class=\"team_block_content animationStart\">\n\t\t\t\t<div class=\"pic\">\n\t\t\t\t\t<img decoding=\"async\" src=\"https:\/\/residencecaporale.it\/wp-content\/themes\/Terra\/images\/user.png\">\n\t\t\t\t\t<div class=\"team_block\">\n\t\t\t\t\t\t<h4>Emilia Crescente<\/h4>\n\t\t\t\t\t\t<p class=\"team_desc\">Kundenservice<\/p>\n\t\t\t\t\t\t<p class=\"team_text\">Ehefrau und Mitarbeiterin in der Verwaltung der Residenz.<\/p>\n\t\t\t\t\t\n\t\t\t\t\t\n\t\t\t\t\t\n\t\t\t\t\t\n\t\t\t\t\t\n\t\t\t\t\t<\/div>\n\t\t\t\t<\/div>\n\t\t\t<\/div>\n\t\t<\/div>\n<div class=\"four columns  \">\t<div class=\"team_block_content animationStart\">\n\t\t\t\t<div class=\"pic\">\n\t\t\t\t\t<img decoding=\"async\" src=\"https:\/\/residencecaporale.it\/wp-content\/themes\/Terra\/images\/user.png\">\n\t\t\t\t\t<div class=\"team_block\">\n\t\t\t\t\t\t<h4>Roberto Caporale<\/h4>\n\t\t\t\t\t\t<p class=\"team_desc\">Kundenservice<\/p>\n\t\t\t\t\t\t<p class=\"team_text\">\u00c4ltester Sohn und verantwortlich f\u00fcr die Verwaltung der Residenz.<\/p>\n\t\t\t\t\t\n\t\t\t\t\t\n\t\t\t\t\t\n\t\t\t\t\t\n\t\t\t\t\t\n\t\t\t\t\t<\/div>\n\t\t\t\t<\/div>\n\t\t\t<\/div>\n\t\t<\/div>\n<div class=\"four columns  omega\">\t<div class=\"team_block_content animationStart\">\n\t\t\t\t<div class=\"pic\">\n\t\t\t\t\t<img decoding=\"async\" src=\"https:\/\/residencecaporale.it\/wp-content\/themes\/Terra\/images\/user.png\">\n\t\t\t\t\t<div class=\"team_block\">\n\t\t\t\t\t\t<h4>Denis Caporale<\/h4>\n\t\t\t\t\t\t<p class=\"team_desc\">Kundenservice<\/p>\n\t\t\t\t\t\t<p class=\"team_text\">Aussehen.<\/p>\n\t\t\t\t\t\n\t\t\t\t\t\n\t\t\t\t\t\n\t\t\t\t\t\n\t\t\t\t\t\n\t\t\t\t\t<\/div>\n\t\t\t\t<\/div>\n\t\t\t<\/div>\n\t\t<\/div><br class=\"h10 clear\"\/>\n\t\t\n\t\t\t<\/div>\n    \t<\/div>\n\t<\/div>\n\t\n\t<!-- Container Row :: END -->\n\t\n<!-- Container Row --><div class=\"container animationStart \">\n\t\t<div class=\"row\">\n\t\t\t<div class=\"sixteen columns\">\n\t\t\t\n<div class=\"column two-thirds  alpha\"><h2 class=\"left_title\"><span>Einige Statistiken \u00fcber unsere Residenz<\/span><\/h2> <div class=\"numbers_holder animationBegin\">\n<div id=\"counter1\" class=\"counter\">\n\t\t\t\t\t<input type=\"hidden\" class=\"counter_hidden\" data-end-nu=\"6\" name=\"counter1-value\" value=\"\" \/>\n\t\t\t\t\t<div class=\"counter_desc\">Whonungen<\/div>\n\t\t\t\t<\/div>\n<div id=\"counter2\" class=\"counter\">\n\t\t\t\t\t<input type=\"hidden\" class=\"counter_hidden\" data-end-nu=\"15\" name=\"counter2-value\" value=\"\" \/>\n\t\t\t\t\t<div class=\"counter_desc\">Schlafen<\/div>\n\t\t\t\t<\/div>\n<div id=\"counter3\" class=\"counter\">\n\t\t\t\t\t<input type=\"hidden\" class=\"counter_hidden\" data-end-nu=\"9274\" name=\"counter3-value\" value=\"\" \/>\n\t\t\t\t\t<div class=\"counter_desc\">G\u00e4ste<\/div>\n\t\t\t\t<\/div>\n<div id=\"counter4\" class=\"counter\">\n\t\t\t\t\t<input type=\"hidden\" class=\"counter_hidden\" data-end-nu=\"8\" name=\"counter4-value\" value=\"\" \/>\n\t\t\t\t\t<div class=\"counter_desc\">Arch\u00e4ologische St\u00e4tten und historischen<\/div>\n\t\t\t\t<\/div>\n<div id=\"counter5\" class=\"counter\">\n\t\t\t\t\t<input type=\"hidden\" class=\"counter_hidden\" data-end-nu=\"4\" name=\"counter5-value\" value=\"\" \/>\n\t\t\t\t\t<div class=\"counter_desc\">Unterhaltung Sehensw\u00fcrdigkeiten<\/div>\n\t\t\t\t<\/div>\n<div id=\"counter6\" class=\"counter\">\n\t\t\t\t\t<input type=\"hidden\" class=\"counter_hidden\" data-end-nu=\"1\" name=\"counter6-value\" value=\"\" \/>\n\t\t\t\t\t<div class=\"counter_desc\">Legen Sie sich zu regenerieren und heilen<\/div>\n\t\t\t\t<\/div>\n<\/div>\n\t\t\t\t\t<script type=\"text\/javascript\">\n\t\t\t\t        \n\t\t\t\t        jQuery(\".numbers_holder.animationBegin\").appear({\n\t\t\t\t\t\t\tonce: true,\n\t\t\t\t\t\t\tforEachVisible: function (i, e) {\n\t\t\t\t\t\t\t\tjQuery(e).data(\"delay\", i);\n\t\t\t\t\t\t\t},\n\t\t\t\t\t\t\tappear: function () {\n\t\t\t\t\t\t\t\tvar delay = 400;\n\t\t\t\n\t\t\t\t\t\t\t\tjQuery(this).children(\".counter\").each(function (i, e) {\n\t\t\t\t\t\t\t\t\tjQuery(e).trans(i * delay + \"ms\", \"-delay\");\n\n\t\t\t\t\t\t\t\t\tsetTimeout(function(){\n\t\t\t\t\t\t\t\t\t\tend_nu = jQuery(e).children(\".counter_hidden:first\").attr(\"data-end-nu\");\n\t\t\t\t\t\t\t\t\t\tjQuery(e).flipCounter(\"startAnimation\", { end_number: end_nu }).children(\".counter_desc\").addClass(\"shown\");\n\t\t\t\t\t\t\t\t\t}, i * delay);\t\t\t\t\t\t\t\t\t\n\t\t\t\t\t\t\t        \n\t\t\t\t\t\t\t    \n\t\t\t\t\t\t\t\t});\n\t\t\t\t\t\t\t\tjQuery(this).removeClass(\"animationBegin\");\n\t\t\t\t\t\t\t}\n\t\t\t\t\t\t});\n\t\t\t\t        \n\t\t\t\t        \n\t\t\t\t<\/script>\t\n\t<\/div>\n<div class=\"column one-third  omega\"><h2 class=\"left_title\"><span>G\u00e4stekommentare<\/span><\/h2><div class=\"h20\"><\/div><!-- Testimonials -->\n\t\t\t\t<div class=\"testimonials\">\n\t\t\t\t\t<div class=\"carousel_arrows_bgr\"><\/div>\n\t\t\t\t\t<ul class=\"testimonials_carousel auto_scroll\"><li class=\"eight columns alpha\">\n\t\t\t\t\t\t\t<div class=\"testimonial_quote\">\n\t                            <div class=\"quote_content\">\n\t                                <p>Eccellente struttura ,personale accogliente e disponibile. Ottima la colazione, stanza pulita e silenziosa. E&#8216; un agriturismo che senza dubbio mi permetto di consigliare e se dovessi tornare riprenoterei lo stesso posto!<\/p>\n\t                                <span class=\"quote_arrow\"><\/span>\n\t                            <\/div>\n\t                            <div class=\"quote_author\"><div class=\"icon_testimonial\">Andrea Carli<\/div><span class=\"quote_author_description\">Ospite, 2010<\/span>\n\t                            <\/div>\n\t                        <\/div>\n\t                    <\/li><li class=\"eight columns alpha\">\n\t\t\t\t\t\t\t<div class=\"testimonial_quote\">\n\t                            <div class=\"quote_content\">\n\t                                <p>Sono stato presso questo albergo per una settimana con la mia famiglia. Accoglienza premurosa e cordiale.<br \/>\nPersonale molto disponibile e affabile. Agriturismo delizioso dal carettere familiare e con giardino sempreverde.<br \/>\nBen informato anche sui luoghi da visitare.<\/p>\n\t                                <span class=\"quote_arrow\"><\/span>\n\t                            <\/div>\n\t                            <div class=\"quote_author\"><div class=\"icon_testimonial\">Enrico Provenza<\/div><span class=\"quote_author_description\">Ospite, 2011<\/span>\n\t                            <\/div>\n\t                        <\/div>\n\t                    <\/li><li class=\"eight columns alpha\">\n\t\t\t\t\t\t\t<div class=\"testimonial_quote\">\n\t                            <div class=\"quote_content\">\n\t                                <p> Davvero una bella esperienza: ambiente curato, intimo, sembra di stare nel salotto di casa propria; la stanza \u00e8 grande, con tutto quello che serve per un soggiorno piacevole. Perfetto!<\/p>\n\t                                <span class=\"quote_arrow\"><\/span>\n\t                            <\/div>\n\t                            <div class=\"quote_author\"><div class=\"icon_testimonial\">Alessia Marini<\/div><span class=\"quote_author_description\">Ospite, 2012<\/span>\n\t                            <\/div>\n\t                        <\/div>\n\t                    <\/li><\/ul>\n\t\t\t\t<\/div>\n\t\t\t\t<!-- Testimonials::END --> <\/div><br class=\"h10 clear\"\/>\n\t\t\n\t\t\t<\/div>\n    \t<\/div>\n\t<\/div>\n\t\n\t<!-- Container Row :: END -->\n\t\n<!-- Container Row --><div class=\"container animationStart \">\n\t\t<div class=\"row\">\n\t\t\t<div class=\"sixteen columns\">\n\t\t\t\n\t\n\t\t\t<div class=\"info_block animationStart\">\n\t\t\t\t<div class=\"h10 clear\"><\/div>\n\t\t\t\t<h2 class=\"title\"><span>Zuletzt hinzugef\u00fcgte Bilder<\/span><\/h2>\n\t\t\t\t<div class=\"clear h20\"><\/div>\n\t\t\t\t<div class=\"carousel_section\">\n\t\t\t\t\t<div class=\"carousel_arrows_bgr\"><\/div>\n\t\t\t\t\t<ul id=\"portfolio_carousel\">\n\t\t\t\t\t\t\t\t<li class=\"one-third column info_item\">\n\t\t\t\t\t\t\t\t\t<a href=\"https:\/\/residencecaporale.it\/de\/portfolio_item\/wohnungen-und-zimmer-fotos-4\/\" title=\"\">\n\t\t\t\t\t\t\t\t\t\t<div class=\"pic_info type1\">\n\t\t\t\t\t\t\t\t\t\t\t<img loading=\"lazy\" decoding=\"async\" width=\"460\" height=\"290\" src=\"https:\/\/residencecaporale.it\/wp-content\/uploads\/2017\/09\/Panorama-Cucina-1600x800-460x290.jpg\" class=\"attachment-portfolio-medium size-portfolio-medium wp-post-image\" alt=\"\" \/><div class=\"img_overlay_icon\"><span class=\"portfolio_icon icon_camera\"><\/span><\/div>\n\t\t\t\t\t\t\t\t\t\t\t<div class=\"info_overlay\">\n\t\t\t\t\t\t\t\t\t\t\t\t<div class=\"info_overlay_padding\">\n\t\t\t\t\t\t\t\t\t\t\t\t\t<div class=\"info_desc\">\n\t\t\t\t\t\t\t\t\t\t\t\t\t\t<span class=\"portfolio_icon icon_camera\"><\/span>\n\t\t\t\t\t\t\t\t\t\t\t\t\t\t<h3>Wohnungen und Zimmer fotos<\/h3>\n\t\t\t\t\t\t\t\t\t\t\t\t\t\t<p>Wohnungen und Zimmer fotos<\/p>\n\t\t\t\t\t\t\t\t\t\t\t\t\t<\/div>\n\t\t\t\t\t\t\t\t\t\t\t\t<\/div>\n\t\t\t\t\t\t\t\t\t\t\t<\/div>\n\t\t\t\t\t\t\t\t\t\t<\/div>\n\t\t\t\t\t\t\t\t\t<\/a>\n\t\t\t\t\t\t\t\t<\/li>\n\t\t\t\t\t\t\t\t\n\t\t\t\t\t\t\t\t<li class=\"one-third column info_item\">\n\t\t\t\t\t\t\t\t\t<a href=\"https:\/\/residencecaporale.it\/de\/portfolio_item\/wohnungen-und-zimmer-fotos-2\/\" title=\"\">\n\t\t\t\t\t\t\t\t\t\t<div class=\"pic_info type1\">\n\t\t\t\t\t\t\t\t\t\t\t<img loading=\"lazy\" decoding=\"async\" width=\"460\" height=\"290\" src=\"https:\/\/residencecaporale.it\/wp-content\/uploads\/2017\/09\/P1010340-cucina-1600x800-460x290.jpg\" class=\"attachment-portfolio-medium size-portfolio-medium wp-post-image\" alt=\"\" \/><div class=\"img_overlay_icon\"><span class=\"portfolio_icon icon_camera\"><\/span><\/div>\n\t\t\t\t\t\t\t\t\t\t\t<div class=\"info_overlay\">\n\t\t\t\t\t\t\t\t\t\t\t\t<div class=\"info_overlay_padding\">\n\t\t\t\t\t\t\t\t\t\t\t\t\t<div class=\"info_desc\">\n\t\t\t\t\t\t\t\t\t\t\t\t\t\t<span class=\"portfolio_icon icon_camera\"><\/span>\n\t\t\t\t\t\t\t\t\t\t\t\t\t\t<h3>Wohnungen und Zimmer fotos<\/h3>\n\t\t\t\t\t\t\t\t\t\t\t\t\t\t<p>Wohnungen und Zimmer fotos<\/p>\n\t\t\t\t\t\t\t\t\t\t\t\t\t<\/div>\n\t\t\t\t\t\t\t\t\t\t\t\t<\/div>\n\t\t\t\t\t\t\t\t\t\t\t<\/div>\n\t\t\t\t\t\t\t\t\t\t<\/div>\n\t\t\t\t\t\t\t\t\t<\/a>\n\t\t\t\t\t\t\t\t<\/li>\n\t\t\t\t\t\t\t\t\n\t\t\t\t\t\t\t\t<li class=\"one-third column info_item\">\n\t\t\t\t\t\t\t\t\t<a href=\"https:\/\/residencecaporale.it\/de\/portfolio_item\/wohnungen-und-zimmer-fotos\/\" title=\"\">\n\t\t\t\t\t\t\t\t\t\t<div class=\"pic_info type1\">\n\t\t\t\t\t\t\t\t\t\t\t<img loading=\"lazy\" decoding=\"async\" width=\"460\" height=\"290\" src=\"https:\/\/residencecaporale.it\/wp-content\/uploads\/2017\/09\/P1010344-cucina-1600x800-460x290.jpg\" class=\"attachment-portfolio-medium size-portfolio-medium wp-post-image\" alt=\"\" \/><div class=\"img_overlay_icon\"><span class=\"portfolio_icon icon_camera\"><\/span><\/div>\n\t\t\t\t\t\t\t\t\t\t\t<div class=\"info_overlay\">\n\t\t\t\t\t\t\t\t\t\t\t\t<div class=\"info_overlay_padding\">\n\t\t\t\t\t\t\t\t\t\t\t\t\t<div class=\"info_desc\">\n\t\t\t\t\t\t\t\t\t\t\t\t\t\t<span class=\"portfolio_icon icon_camera\"><\/span>\n\t\t\t\t\t\t\t\t\t\t\t\t\t\t<h3>Wohnungen und Zimmer fotos<\/h3>\n\t\t\t\t\t\t\t\t\t\t\t\t\t\t<p>Wohnungen und Zimmer fotos<\/p>\n\t\t\t\t\t\t\t\t\t\t\t\t\t<\/div>\n\t\t\t\t\t\t\t\t\t\t\t\t<\/div>\n\t\t\t\t\t\t\t\t\t\t\t<\/div>\n\t\t\t\t\t\t\t\t\t\t<\/div>\n\t\t\t\t\t\t\t\t\t<\/a>\n\t\t\t\t\t\t\t\t<\/li>\n\t\t\t\t\t\t\t\t\n\t\t\t\t\t\t\t\t<li class=\"one-third column info_item\">\n\t\t\t\t\t\t\t\t\t<a href=\"https:\/\/residencecaporale.it\/de\/portfolio_item\/foto-esterni-7\/\" title=\"\">\n\t\t\t\t\t\t\t\t\t\t<div class=\"pic_info type1\">\n\t\t\t\t\t\t\t\t\t\t\t<img loading=\"lazy\" decoding=\"async\" width=\"460\" height=\"290\" src=\"https:\/\/residencecaporale.it\/wp-content\/uploads\/2017\/08\/Residence-udine-ingresso-460x290.jpg\" class=\"attachment-portfolio-medium size-portfolio-medium wp-post-image\" alt=\"\" srcset=\"https:\/\/residencecaporale.it\/wp-content\/uploads\/2017\/08\/Residence-udine-ingresso-460x290.jpg 460w, https:\/\/residencecaporale.it\/wp-content\/uploads\/2017\/08\/Residence-udine-ingresso-300x188.jpg 300w\" sizes=\"auto, (max-width: 460px) 100vw, 460px\" \/><div class=\"img_overlay_icon\"><span class=\"portfolio_icon icon_camera\"><\/span><\/div>\n\t\t\t\t\t\t\t\t\t\t\t<div class=\"info_overlay\">\n\t\t\t\t\t\t\t\t\t\t\t\t<div class=\"info_overlay_padding\">\n\t\t\t\t\t\t\t\t\t\t\t\t\t<div class=\"info_desc\">\n\t\t\t\t\t\t\t\t\t\t\t\t\t\t<span class=\"portfolio_icon icon_camera\"><\/span>\n\t\t\t\t\t\t\t\t\t\t\t\t\t\t<h3>Aussenfotos<\/h3>\n\t\t\t\t\t\t\t\t\t\t\t\t\t\t<p>Aussenfotos<\/p>\n\t\t\t\t\t\t\t\t\t\t\t\t\t<\/div>\n\t\t\t\t\t\t\t\t\t\t\t\t<\/div>\n\t\t\t\t\t\t\t\t\t\t\t<\/div>\n\t\t\t\t\t\t\t\t\t\t<\/div>\n\t\t\t\t\t\t\t\t\t<\/a>\n\t\t\t\t\t\t\t\t<\/li>\n\t\t\t\t\t\t\t\t\n\t\t\t\t\t\t\t\t<li class=\"one-third column info_item\">\n\t\t\t\t\t\t\t\t\t<a href=\"https:\/\/residencecaporale.it\/de\/portfolio_item\/foto-esterni-6\/\" title=\"\">\n\t\t\t\t\t\t\t\t\t\t<div class=\"pic_info type1\">\n\t\t\t\t\t\t\t\t\t\t\t<img loading=\"lazy\" decoding=\"async\" width=\"460\" height=\"290\" src=\"https:\/\/residencecaporale.it\/wp-content\/uploads\/2017\/08\/Residence-udine-strada-460x290.jpg\" class=\"attachment-portfolio-medium size-portfolio-medium wp-post-image\" alt=\"\" srcset=\"https:\/\/residencecaporale.it\/wp-content\/uploads\/2017\/08\/Residence-udine-strada-460x290.jpg 460w, https:\/\/residencecaporale.it\/wp-content\/uploads\/2017\/08\/Residence-udine-strada-300x188.jpg 300w\" sizes=\"auto, (max-width: 460px) 100vw, 460px\" \/><div class=\"img_overlay_icon\"><span class=\"portfolio_icon icon_camera\"><\/span><\/div>\n\t\t\t\t\t\t\t\t\t\t\t<div class=\"info_overlay\">\n\t\t\t\t\t\t\t\t\t\t\t\t<div class=\"info_overlay_padding\">\n\t\t\t\t\t\t\t\t\t\t\t\t\t<div class=\"info_desc\">\n\t\t\t\t\t\t\t\t\t\t\t\t\t\t<span class=\"portfolio_icon icon_camera\"><\/span>\n\t\t\t\t\t\t\t\t\t\t\t\t\t\t<h3>Aussenfotos<\/h3>\n\t\t\t\t\t\t\t\t\t\t\t\t\t\t<p>Aussenfotos<\/p>\n\t\t\t\t\t\t\t\t\t\t\t\t\t<\/div>\n\t\t\t\t\t\t\t\t\t\t\t\t<\/div>\n\t\t\t\t\t\t\t\t\t\t\t<\/div>\n\t\t\t\t\t\t\t\t\t\t<\/div>\n\t\t\t\t\t\t\t\t\t<\/a>\n\t\t\t\t\t\t\t\t<\/li>\n\t\t\t\t\t\t\t\t\n\t\t\t\t\t\t\t\t<li class=\"one-third column info_item\">\n\t\t\t\t\t\t\t\t\t<a href=\"https:\/\/residencecaporale.it\/de\/portfolio_item\/foto-esterni-5\/\" title=\"\">\n\t\t\t\t\t\t\t\t\t\t<div class=\"pic_info type1\">\n\t\t\t\t\t\t\t\t\t\t\t<img loading=\"lazy\" decoding=\"async\" width=\"460\" height=\"290\" src=\"https:\/\/residencecaporale.it\/wp-content\/uploads\/2017\/08\/Residence-udine-fronte2-1-460x290.jpg\" class=\"attachment-portfolio-medium size-portfolio-medium wp-post-image\" alt=\"\" srcset=\"https:\/\/residencecaporale.it\/wp-content\/uploads\/2017\/08\/Residence-udine-fronte2-1-460x290.jpg 460w, https:\/\/residencecaporale.it\/wp-content\/uploads\/2017\/08\/Residence-udine-fronte2-1-300x188.jpg 300w\" sizes=\"auto, (max-width: 460px) 100vw, 460px\" \/><div class=\"img_overlay_icon\"><span class=\"portfolio_icon icon_camera\"><\/span><\/div>\n\t\t\t\t\t\t\t\t\t\t\t<div class=\"info_overlay\">\n\t\t\t\t\t\t\t\t\t\t\t\t<div class=\"info_overlay_padding\">\n\t\t\t\t\t\t\t\t\t\t\t\t\t<div class=\"info_desc\">\n\t\t\t\t\t\t\t\t\t\t\t\t\t\t<span class=\"portfolio_icon icon_camera\"><\/span>\n\t\t\t\t\t\t\t\t\t\t\t\t\t\t<h3>Aussenfotos<\/h3>\n\t\t\t\t\t\t\t\t\t\t\t\t\t\t<p>Aussenfotos<\/p>\n\t\t\t\t\t\t\t\t\t\t\t\t\t<\/div>\n\t\t\t\t\t\t\t\t\t\t\t\t<\/div>\n\t\t\t\t\t\t\t\t\t\t\t<\/div>\n\t\t\t\t\t\t\t\t\t\t<\/div>\n\t\t\t\t\t\t\t\t\t<\/a>\n\t\t\t\t\t\t\t\t<\/li>\n\t\t\t\t\t\t\t\t\n\t\t\t\t\t\t\t\t<li class=\"one-third column info_item\">\n\t\t\t\t\t\t\t\t\t<a href=\"https:\/\/residencecaporale.it\/de\/portfolio_item\/foto-esterni-4\/\" title=\"\">\n\t\t\t\t\t\t\t\t\t\t<div class=\"pic_info type1\">\n\t\t\t\t\t\t\t\t\t\t\t<img loading=\"lazy\" decoding=\"async\" width=\"460\" height=\"290\" src=\"https:\/\/residencecaporale.it\/wp-content\/uploads\/2017\/08\/Residence-udine-fronte1-460x290.jpg\" class=\"attachment-portfolio-medium size-portfolio-medium wp-post-image\" alt=\"\" srcset=\"https:\/\/residencecaporale.it\/wp-content\/uploads\/2017\/08\/Residence-udine-fronte1-460x290.jpg 460w, https:\/\/residencecaporale.it\/wp-content\/uploads\/2017\/08\/Residence-udine-fronte1-300x188.jpg 300w\" sizes=\"auto, (max-width: 460px) 100vw, 460px\" \/><div class=\"img_overlay_icon\"><span class=\"portfolio_icon icon_camera\"><\/span><\/div>\n\t\t\t\t\t\t\t\t\t\t\t<div class=\"info_overlay\">\n\t\t\t\t\t\t\t\t\t\t\t\t<div class=\"info_overlay_padding\">\n\t\t\t\t\t\t\t\t\t\t\t\t\t<div class=\"info_desc\">\n\t\t\t\t\t\t\t\t\t\t\t\t\t\t<span class=\"portfolio_icon icon_camera\"><\/span>\n\t\t\t\t\t\t\t\t\t\t\t\t\t\t<h3>Aussenfotos<\/h3>\n\t\t\t\t\t\t\t\t\t\t\t\t\t\t<p>Aussenfotos<\/p>\n\t\t\t\t\t\t\t\t\t\t\t\t\t<\/div>\n\t\t\t\t\t\t\t\t\t\t\t\t<\/div>\n\t\t\t\t\t\t\t\t\t\t\t<\/div>\n\t\t\t\t\t\t\t\t\t\t<\/div>\n\t\t\t\t\t\t\t\t\t<\/a>\n\t\t\t\t\t\t\t\t<\/li>\n\t\t\t\t\t\t\t\t\n\t\t\t\t\t\t\t\t<li class=\"one-third column info_item\">\n\t\t\t\t\t\t\t\t\t<a href=\"https:\/\/residencecaporale.it\/de\/portfolio_item\/ingresso-struttura\/\" title=\"\">\n\t\t\t\t\t\t\t\t\t\t<div class=\"pic_info type1\">\n\t\t\t\t\t\t\t\t\t\t\t<img loading=\"lazy\" decoding=\"async\" width=\"460\" height=\"290\" src=\"https:\/\/residencecaporale.it\/wp-content\/uploads\/2014\/05\/DSC_1650-460x290.jpg\" class=\"attachment-portfolio-medium size-portfolio-medium wp-post-image\" alt=\"\" \/><div class=\"img_overlay_icon\"><span class=\"portfolio_icon icon_camera\"><\/span><\/div>\n\t\t\t\t\t\t\t\t\t\t\t<div class=\"info_overlay\">\n\t\t\t\t\t\t\t\t\t\t\t\t<div class=\"info_overlay_padding\">\n\t\t\t\t\t\t\t\t\t\t\t\t\t<div class=\"info_desc\">\n\t\t\t\t\t\t\t\t\t\t\t\t\t\t<span class=\"portfolio_icon icon_camera\"><\/span>\n\t\t\t\t\t\t\t\t\t\t\t\t\t\t<h3>Ingresso struttura<\/h3>\n\t\t\t\t\t\t\t\t\t\t\t\t\t\t<p><\/p>\n\t\t\t\t\t\t\t\t\t\t\t\t\t<\/div>\n\t\t\t\t\t\t\t\t\t\t\t\t<\/div>\n\t\t\t\t\t\t\t\t\t\t\t<\/div>\n\t\t\t\t\t\t\t\t\t\t<\/div>\n\t\t\t\t\t\t\t\t\t<\/a>\n\t\t\t\t\t\t\t\t<\/li>\n\t\t\t\t\t\t\t\t\n\t\t\t\t\t\t\t\t<li class=\"one-third column info_item\">\n\t\t\t\t\t\t\t\t\t<a href=\"https:\/\/residencecaporale.it\/de\/portfolio_item\/sala-colazioni\/\" title=\"\">\n\t\t\t\t\t\t\t\t\t\t<div class=\"pic_info type1\">\n\t\t\t\t\t\t\t\t\t\t\t<img loading=\"lazy\" decoding=\"async\" width=\"460\" height=\"290\" src=\"https:\/\/residencecaporale.it\/wp-content\/uploads\/2014\/05\/P1010397-colazione-w1600-460x290.jpg\" class=\"attachment-portfolio-medium size-portfolio-medium wp-post-image\" alt=\"\" \/><div class=\"img_overlay_icon\"><span class=\"portfolio_icon icon_camera\"><\/span><\/div>\n\t\t\t\t\t\t\t\t\t\t\t<div class=\"info_overlay\">\n\t\t\t\t\t\t\t\t\t\t\t\t<div class=\"info_overlay_padding\">\n\t\t\t\t\t\t\t\t\t\t\t\t\t<div class=\"info_desc\">\n\t\t\t\t\t\t\t\t\t\t\t\t\t\t<span class=\"portfolio_icon icon_camera\"><\/span>\n\t\t\t\t\t\t\t\t\t\t\t\t\t\t<h3>Sala colazioni<\/h3>\n\t\t\t\t\t\t\t\t\t\t\t\t\t\t<p>Innerfotos<\/p>\n\t\t\t\t\t\t\t\t\t\t\t\t\t<\/div>\n\t\t\t\t\t\t\t\t\t\t\t\t<\/div>\n\t\t\t\t\t\t\t\t\t\t\t<\/div>\n\t\t\t\t\t\t\t\t\t\t<\/div>\n\t\t\t\t\t\t\t\t\t<\/a>\n\t\t\t\t\t\t\t\t<\/li>\n\t\t\t\t\t\t\t\t\n\t\t\t\t\t<\/ul>\n\t\t\t\t<\/div>\n\t\t\t<\/div>\n\n\t\t\t<div class=\"h20 clear\"><\/div>\n\t\t\t\t\t\t\n\t\t\t<script type=\"text\/javascript\">\n\t\t\t\tjQuery(document).ready(function() {\n\t\t\t\t\tjQuery(\"#portfolio_carousel\").jcarousel({\n\t\t\t\t\t\tscroll: (jQuery(window).width() > 767 ? 3 : 1),\n\t\t\t\t\t\teasing: \"easeInOutExpo\",\n\t\t\t\t\t\tanimation: 700\n\t\t\t\t\t});\n\t\t\t\t});\t\n\t\t\t\t\n\t\t\t\t\n\t\t\t\t\/\/ Reload carousels on window resize to scroll only 1 item if viewport is small\n\t\t\t\tjQuery(window).resize(function() {\n\t\t\t\t\t var el = jQuery(\"#portfolio_carousel\"), carousel = el.data(\"jcarousel\"), win_width = jQuery(window).width();\n\t\t\t\t\t   var visibleItems = (win_width > 767 ? 3 : 1);\n\t\t\t\t\t   carousel.options.visible = visibleItems;\n\t\t\t\t\t   carousel.options.scroll = visibleItems;\n\t\t\t\t\t   carousel.reload();\n\t\t\t\t});\n\t\t\t<\/script>\n\t\t\n\t\t\t<\/div>\n    \t<\/div>\n\t<\/div>\n\t\n\t<!-- Container Row :: END -->\n\t\n","protected":false},"excerpt":{"rendered":"","protected":false},"author":6,"featured_media":0,"parent":0,"menu_order":0,"comment_status":"open","ping_status":"open","template":"","meta":{"footnotes":""},"class_list":["post-1137","page","type-page","status-publish","hentry"],"_links":{"self":[{"href":"https:\/\/residencecaporale.it\/de\/wp-json\/wp\/v2\/pages\/1137","targetHints":{"allow":["GET"]}}],"collection":[{"href":"https:\/\/residencecaporale.it\/de\/wp-json\/wp\/v2\/pages"}],"about":[{"href":"https:\/\/residencecaporale.it\/de\/wp-json\/wp\/v2\/types\/page"}],"author":[{"embeddable":true,"href":"https:\/\/residencecaporale.it\/de\/wp-json\/wp\/v2\/users\/6"}],"replies":[{"embeddable":true,"href":"https:\/\/residencecaporale.it\/de\/wp-json\/wp\/v2\/comments?post=1137"}],"version-history":[{"count":7,"href":"https:\/\/residencecaporale.it\/de\/wp-json\/wp\/v2\/pages\/1137\/revisions"}],"predecessor-version":[{"id":2075,"href":"https:\/\/residencecaporale.it\/de\/wp-json\/wp\/v2\/pages\/1137\/revisions\/2075"}],"wp:attachment":[{"href":"https:\/\/residencecaporale.it\/de\/wp-json\/wp\/v2\/media?parent=1137"}],"curies":[{"name":"wp","href":"https:\/\/api.w.org\/{rel}","templated":true}]}}